{"id":34,"date":"2017-04-28T06:52:06","date_gmt":"2017-04-28T06:52:06","guid":{"rendered":"https:\/\/demo.brothersthemes.com\/comrepair\/?page_id=34"},"modified":"2021-07-22T12:36:20","modified_gmt":"2021-07-22T09:36:20","slug":"home","status":"publish","type":"page","link":"https:\/\/www.inverter.com.tr\/","title":{"rendered":"Atakale Kurumsal"},"content":{"rendered":"<p>[vc_row full_width=&#8221;stretch_row&#8221;][vc_column width=&#8221;5\/6&#8243;][rev_slider_vc alias=&#8221;home-slider-3&#8243;][\/vc_column][vc_column width=&#8221;1\/6&#8243;][\/vc_column][\/vc_row][vc_section css=&#8221;.vc_custom_1493375775698{background-image: url(https:\/\/www.inverter.com.tr\/wp-content\/uploads\/2017\/04\/pexels-photo-320517-bg.jpg?id=106) !important;}&#8221;][vc_row][vc_column][comrepair_section_heading decoration=&#8221;decor-1&#8243;]<\/p>\n<h4 class=\"text-uppercase\" style=\"text-align: center;\">invert\u00f6r Servisi tamiri<\/h4>\n<p style=\"text-align: center;\"><em>Binlerce Memnun M\u00fc\u015fteri<\/em><\/p>\n<p>[\/comrepair_section_heading][\/vc_column][\/vc_row][vc_row][vc_column][comrepair_services_carousel posts_per_page=&#8221;6&#8243; autoplay_timeout=&#8221;0&#8243; more_link_text=&#8221;Devam\u0131n\u0131 Oku&#8221;][\/vc_column][\/vc_row][\/vc_section][vc_section css=&#8221;.vc_custom_1491950498217{padding-bottom: 0px !important;}&#8221;][vc_row][vc_column][comrepair_section_heading decoration=&#8221;decor-1&#8243;]<\/p>\n<h4 class=\"text-uppercase\" style=\"text-align: center;\">HAKKIMIZDA<\/h4>\n<p style=\"text-align: center;\">Firmam\u0131z her zaman AR-GE ye \u00f6nem vermi\u015f, \u015firket i\u00e7i e\u011fitimlerinde \u00f6rnek olmu\u015ftur. Uluslararas\u0131 geli\u015fmeleri ve en yeni \u00fcr\u00fcnleri \u00dclkemizde uygulama konusunda hep ilklere imza atm\u0131\u015ft\u0131r. Proje baz\u0131nda \u00e7al\u0131\u015fmalar\u0131nda kaliteli hizmet vizyonunu sab\u0131rla s\u00fcrd\u00fcrm\u00fc\u015ft\u00fcr. Teknolojik yenilikleri projelerine adepte etme konusunda, tart\u0131\u015fmas\u0131z Lider dirmalardan biriyiz.Do\u011fru \u00fcr\u00fcn, do\u011fru zaman ve do\u011fru hizmeti sizlere ta\u015f\u0131ma hedefinden ayr\u0131lmam\u0131\u015ft\u0131r.<\/p>\n<p>[\/comrepair_section_heading][\/vc_column][\/vc_row][vc_row][vc_column][comrepair_text_image image_id=&#8221;489&#8243;][comrepair_feature_box icon_font=&#8221;typicons&#8221; icon_typicons=&#8221;typcn typcn-flag&#8221;]<\/p>\n<h3 class=\"title\">1997 Y\u0131l\u0131ndan Beri Faaliyetteyiz<\/h3>\n<p>1997 Y\u0131l\u0131nda Ankara&#8217;da ,3 Gen\u00e7 ARGE Elektronik M\u00fchendisinin ortak giri\u015fimiyle kuruldu. Kurulu\u015fun da End\u00fcstriyel\u00a0 Otomasyon,\u00a0 SCADA ve\u00a0 Yaz\u0131l\u0131m konusunda faaliyetler de bulundu, Kurulu\u015funun ilk y\u0131l\u0131nda Afyon Jeotermal Enerji Santralinin t\u00fcm otomasyonunu , Ankara B\u00fcy\u00fck\u015fehir Belediyesi \u015eirketi olan Bugsa\u015f ile birlikte yapm\u0131\u015ft\u0131r.<br \/>\nYava\u015f ve emin ad\u0131mlarla b\u00fcy\u00fcmeyi prensip edinen firmam\u0131z, Her zaman insana , e\u011fitime ,Uzmanl\u0131\u011fa yat\u0131r\u0131m yapm\u0131\u015ft\u0131r. 1998 y\u0131l\u0131nda Do\u011fal Gaz Reglaj\u00a0 istasyonlar\u0131 otomasyon\u00a0 \u00a0Scada projesinde , ileti\u015fim alt yap\u0131s\u0131n\u0131 kendisi \u00fcretmi\u015f uygulam\u0131\u015ft\u0131r.[\/comrepair_feature_box][comrepair_feature_box icon_font=&#8221;typicons&#8221; icon_typicons=&#8221;typcn typcn-mortar-board&#8221;]<\/p>\n<h3 class=\"title\">\u0130nvert\u00f6r Tamiri ve Kurumsal Yap\u0131m\u0131z<\/h3>\n<p>Atakale Elektronik, \u0130nvert\u00f6r Tamir Servisini, y\u00f6neticileri M\u00fchendis olan kadro ile y\u00f6netmektedir. Elektronik kar tamiri servisimiz, ileri d\u00fczeyde komponent, teknoloji, devre analizi ve labaratuvar yetkinli\u011fine sahip y\u00f6neticiler taraf\u0131ndan i\u015f ak\u0131\u015f\u0131 sa\u011flanmaktad\u0131r. Her hasarl\u0131 ar\u0131zal\u0131 invert\u00f6r\u00a0 bizim i\u00e7in\u00a0 yeni bir heyacan ve ARGE kap\u0131s\u0131d\u0131r.<\/p>\n<p>Atakale Elektronikte her tamirden sonra, y\u00f6netici ve m\u00fchendis denetiminden ge\u00e7meden m\u00fc\u015fteriye \u00fcr\u00fcn teslim edilmez.<\/p>\n<p><a class=\"btn btn-secondary\" style=\"margin-top: 25px;\" href=\"#\"> Devam\u0131..<\/a>[\/comrepair_feature_box][\/comrepair_text_image][\/vc_column][\/vc_row][\/vc_section][vc_section css=&#8221;.vc_custom_1491950621550{padding-bottom: 0px !important;background-color: #f5f5f5 !important;}&#8221;][vc_row][vc_column][comrepair_section_heading decoration=&#8221;decor-1&#8243;]<\/p>\n<h4 class=\"text-uppercase\" style=\"text-align: center;\">NEDEN TERC\u0130H ED\u0130L\u0130YORUZ<\/h4>\n<p style=\"text-align: center;\"><em>Fark\u0131m\u0131z Memnuniyet<\/em><\/p>\n<p>[\/comrepair_section_heading][\/vc_column][\/vc_row][vc_row][vc_column width=&#8221;1\/6&#8243; offset=&#8221;vc_hidden-sm vc_hidden-xs&#8221;][\/vc_column][vc_column offset=&#8221;vc_col-md-8&#8243;][vc_column_text]<\/p>\n<p style=\"text-align: center;\">Inverter Tescilli Markas\u0131yla Solar enerji ve Elekronik alan\u0131nda 1997 den beri onbinden fazla m\u00fc\u015fterinin tercihi olduk. \u00c7eyrek as\u0131rl\u0131k elektronik konusundaki de\u011fi\u015fmeyen y\u00f6enetim anlay\u0131\u015f\u0131m\u0131zla tecr\u00fcbeimizi birle\u015ftirdik. H\u0131zl\u0131 kesin ekonomik hizmetle sek\u00f6t\u00fcrde 25 senede i\u00e7inde en az \u015fikayetle \u00e7al\u0131\u015fan firma olduk. Servis hizmeti alanlar\u0131n geni\u015f ve detayl\u0131 a\u00e7\u0131klamalar\u0131m\u0131zla hep d\u00fcr\u00fcs ve temiz hizmette bulunduk. Hi\u00e7bir tamiri f\u0131rsat g\u00f6rmedik, hep hizmet odakl\u0131 anlay\u0131\u015f\u0131 \u00f6ne \u00e7\u0131kartt\u0131k.<\/p>\n<p>[\/vc_column_text][\/vc_column][vc_column width=&#8221;1\/6&#8243; offset=&#8221;vc_hidden-sm vc_hidden-xs&#8221;][\/vc_column][\/vc_row][vc_row el_id=&#8221;features-row&#8221;][vc_column width=&#8221;1\/2&#8243; offset=&#8221;vc_col-md-3 vc_col-xs-6&#8243;][comrepair_feature_box style=&#8221;style-2&#8243; icon_font=&#8221;typicons&#8221; icon_typicons=&#8221;typcn typcn-tick-outline&#8221; image_id=&#8221;113&#8243;]<\/p>\n<h5 class=\"title\" style=\"text-align: center;\">25 Senelik Tecr\u00fcbe<\/h5>\n<p style=\"text-align: center;\">1997 Y\u0131l\u0131ndan beri, \u00d6zel Elektronik Devre Dizayn\u0131 , ARGE\u00a0 \u00c7al\u0131\u015fmas\u0131 ve Y\u00fcksek Teknoloji i\u00e7eren Elektronik Kart Tamiri yapan firmam\u0131z \u00fclkemizdeki en tecr\u00fcbeli elektronik firmalar\u0131ndan biridir.<\/p>\n<p>[\/comrepair_feature_box][\/vc_column][vc_column width=&#8221;1\/2&#8243; offset=&#8221;vc_col-md-3 vc_col-xs-6&#8243;][comrepair_feature_box style=&#8221;style-2&#8243; icon_font=&#8221;typicons&#8221; icon_typicons=&#8221;typcn typcn-cog-outline&#8221; image_id=&#8221;493&#8243;]<\/p>\n<h5 class=\"title\" style=\"text-align: center;\">Yeteneklerimiz<\/h5>\n<p style=\"text-align: center;\">Kadrosunda m\u00fchendis,tecr\u00fcbeli teknisyenler bar\u0131nd\u0131ran kurulu\u015fumuz, \u00d6zellikle G\u00fcne\u015f Enerjisi alan\u0131nda \u00e7al\u0131\u015fan r\u00fcm elektronik cihazlar\u0131n kart tamirinde profesyonel hizmet vermektedir.<\/p>\n<p>[\/comrepair_feature_box][\/vc_column][vc_column width=&#8221;1\/2&#8243; offset=&#8221;vc_col-md-3 vc_col-xs-6&#8243;][comrepair_feature_box style=&#8221;style-2&#8243; icon_font=&#8221;typicons&#8221; icon_typicons=&#8221;typcn typcn-thumbs-up&#8221; image_id=&#8221;494&#8243;]<\/p>\n<h5 class=\"title\" style=\"text-align: center;\">Kalite Belgelerimiz<\/h5>\n<p style=\"text-align: center;\">ISO 9001,OHSAS 18001,ISO 14001,Marka Tescil, TSE , Uluslararas\u0131 kalite belgelerine sahiptir. Ayr\u0131ca kadrosundaki personeller yurt i\u00e7i-yurt d\u0131\u015f\u0131 bir \u00e7ok yeterlilik ve e\u011fitim sertifikas\u0131na sahiptir<\/p>\n<p>[\/comrepair_feature_box][\/vc_column][vc_column width=&#8221;1\/2&#8243; offset=&#8221;vc_col-md-3 vc_col-xs-6&#8243;][comrepair_feature_box style=&#8221;style-2&#8243; icon_font=&#8221;typicons&#8221; icon_typicons=&#8221;typcn typcn-clipboard&#8221; image_id=&#8221;496&#8243;]<\/p>\n<h5 class=\"title\" style=\"text-align: center;\">Hizmet Garantisi<\/h5>\n<p style=\"text-align: center;\">inverter.com.tr den ald\u0131\u011f\u0131n\u0131z t\u00fcm hizmetler, uluslararas\u0131 ve Ulusal kalite belgeleri ve servis verdi\u011fimiz markalar\u0131n garantisi alt\u0131ndad\u0131r. T\u00fcm \u00e7al\u0131\u015fmalar garantilidir<\/p>\n<p>[\/comrepair_feature_box][\/vc_column][\/vc_row][vc_row el_id=&#8221;statistics-row&#8221; css=&#8221;.vc_custom_1491950448743{margin-top: -15px !important;padding-bottom: 45px !important;}&#8221;][vc_column][comrepair_section_heading]<\/p>\n<h4 class=\"text-uppercase\" style=\"text-align: center;\">REFERANSLARIIZ<\/h4>\n<p>[\/comrepair_section_heading][comrepair_statistics_box]<\/p>\n<ul>\n<li>765 Kamu Kurumu<\/li>\n<li>3077 \u00d6zel Sekt\u00f6r<\/li>\n<li>7210 Son Kullan\u0131c\u0131<\/li>\n<li>50000 \u00dcr\u00fcn Sat\u0131\u015f\u0131<\/li>\n<li>8134 Tamir Edilen Kart<\/li>\n<\/ul>\n<p>[\/comrepair_statistics_box][\/vc_column][\/vc_row][\/vc_section][vc_section][vc_row][vc_column][comrepair_section_heading decoration=&#8221;decor-2&#8243;]<\/p>\n<h4 class=\"text-uppercase\" style=\"text-align: center;\">M\u00dc\u015eER\u0130LER\u0130M\u0130Z HAKKIMIZDA NE D\u0130YOR<\/h4>\n<p style=\"text-align: center;\"><em>Y\u00fczlerce M\u00fc\u015fterimiz Ald\u0131\u011f\u0131 Hizmetten Memnun\u015far<\/em><\/p>\n<p>[\/comrepair_section_heading][\/vc_column][\/vc_row][vc_row][vc_column][comrepair_testimonials_carousel posts_per_page=&#8221;6&#8243;][\/vc_column][\/vc_row][\/vc_section][vc_section css_animation=&#8221;bounceInDown&#8221; css=&#8221;.vc_custom_1626702319814{background-color: #f5f5f5 !important;}&#8221;][vc_row][vc_column][comrepair_posts_feed][\/vc_column][\/vc_row][\/vc_section][vc_section][vc_row][vc_column][comrepair_section_heading decoration=&#8221;decor-1&#8243;]<\/p>\n<h4 class=\"text-uppercase\" style=\"text-align: center;\">Blog<\/h4>\n<p style=\"text-align: center;\"><em>Tecr\u00fcbemize ve 25 Senelik bilgimizi\u00a0 sizlerle payla\u015f\u0131yoruz. Kart tamiri ve ar\u0131za giderme konusunda en yetkin bilgileri bu BLOG da bulabilirsiniz<\/em><\/p>\n<p>[\/comrepair_section_heading][\/vc_column][\/vc_row][vc_row][vc_column][comrepair_section_heading decoration=&#8221;decor-1&#8243;]<\/p>\n<h3 class=\"text-uppercase\" style=\"text-align: center;\">sENELER\u0130D\u0130R bize g\u00fcvenen m\u00fc\u015fterilerimiz<\/h3>\n<p style=\"text-align: center;\"><em>Do\u011fruluk\u00a0 ve G\u00fcven\u00a0<\/em><\/p>\n<p>[\/comrepair_section_heading][\/vc_column][\/vc_row][vc_row][vc_column][comrepair_logo_box image_ids=&#8221;119,120,121,122,123&#8243;][\/vc_column][\/vc_row][\/vc_section][vc_row content_placement=&#8221;middle&#8221; el_class=&#8221;bg-secondary&#8221;][vc_column offset=&#8221;vc_col-md-7&#8243;][comrepair_cta button_text=&#8221;Go to the order page&#8221;]<\/p>\n<h2>Ar\u0131zal\u0131 \u00dcr\u00fcn\u00fczle \u0130lgili Teklifi Hemen Al\u0131n\u0131z<\/h2>\n<p>\u0130nvert\u00f6r, \u015earj cihaz\u0131,Panel ar\u0131zay\u0131 bize bildiriniz<br \/>\nH\u0131zl\u0131 ve Garantili[\/comrepair_cta][\/vc_column][vc_column width=&#8221;5\/12&#8243; css=&#8221;.vc_custom_1493396051508{background-position: center !important;background-repeat: no-repeat !important;background-size: cover !important;}&#8221; offset=&#8221;vc_hidden-sm vc_hidden-xs&#8221;][vc_single_image image=&#8221;153&#8243; img_size=&#8221;300&#215;300&#8243; alignment=&#8221;center&#8221;][\/vc_column][\/vc_row]<\/p>\n","protected":false},"excerpt":{"rendered":"<p>[vc_row full_width=&#8221;stretch_row&#8221;][vc_column width=&#8221;5\/6&#8243;][rev_slider_vc alias=&#8221;home-slider-3&#8243;][\/vc_column][vc_column width=&#8221;1\/6&#8243;][\/vc_column][\/vc_row][vc_section css=&#8221;.vc_custom_1493375775698{background-image: url(https:\/\/www.inverter.com.tr\/wp-content\/uploads\/2017\/04\/pexels-photo-320517-bg.jpg?id=106) !important;}&#8221;][vc_row][vc_column][comrepair_section_heading decoration=&#8221;decor-1&#8243;] invert\u00f6r Servisi tamiri Binlerce Memnun M\u00fc\u015fteri [\/comrepair_section_heading][\/vc_column][\/vc_row][vc_row][vc_column][comrepair_services_carousel posts_per_page=&#8221;6&#8243; autoplay_timeout=&#8221;0&#8243; more_link_text=&#8221;Devam\u0131n\u0131 Oku&#8221;][\/vc_column][\/vc_row][\/vc_section][vc_section css=&#8221;.vc_custom_1491950498217{padding-bottom: 0px !important;}&#8221;][vc_row][vc_column][comrepair_section_heading decoration=&#8221;decor-1&#8243;] HAKKIMIZDA Firmam\u0131z her zaman AR-GE ye \u00f6nem vermi\u015f, \u015firket i\u00e7i e\u011fitimlerinde \u00f6rnek olmu\u015ftur. Uluslararas\u0131 geli\u015fmeleri ve en yeni \u00fcr\u00fcnleri \u00dclkemizde uygulama konusunda hep ilklere imza atm\u0131\u015ft\u0131r. Proje baz\u0131nda \u00e7al\u0131\u015fmalar\u0131nda kaliteli hizmet [&hellip;]<\/p>\n","protected":false},"author":1,"featured_media":0,"parent":0,"menu_order":0,"comment_status":"closed","ping_status":"closed","template":"","meta":{"_regular_price":[],"currency_symbol":[],"_monsterinsights_skip_tracking":false,"_monsterinsights_sitenote_active":false,"_monsterinsights_sitenote_note":"","_monsterinsights_sitenote_category":0,"spay_email":"","footnotes":""},"class_list":["post-34","page","type-page","status-publish","hentry"],"post_slider_layout_featured_media_urls":{"thumbnail":"","post_slider_layout_landscape_large":"","post_slider_layout_portrait_large":"","post_slider_layout_square_large":"","post_slider_layout_landscape":"","post_slider_layout_portrait":"","post_slider_layout_square":"","full":""},"jetpack-related-posts":[{"id":351,"url":"https:\/\/www.inverter.com.tr\/?page_id=351","url_meta":{"origin":34,"position":0},"title":"Off-Grid \u0130nverter Tamiri","date":"07\/05\/2017","format":false,"excerpt":"[vc_row full_width=\"stretch_row_content_no_spaces\"][vc_column css=\".vc_custom_1507831981067{padding-right: 0px !important;padding-left: 0px !important;}\"][rev_slider_vc alias=\"home-slider-4\" el_class=\"mb-0\"][\/vc_column][\/vc_row][vc_section css=\".vc_custom_1507832472691{padding-top: 40px !important;padding-bottom: 25px !important;background-color: #f5f5f5 !important;}\"][vc_row][vc_column width=\"1\/3\" css=\".vc_custom_1507832317205{margin-bottom: 30px !important;}\"][vc_column_text css=\".vc_custom_1624390490615{margin-bottom: 0px !important;}\"] Ak\u0131ll\u0131 \u0130nvert\u00f6r Tamiri Ak\u0131ll\u0131 \u0130nvert\u00f6rler kullan\u0131l\u0131rken olu\u015facak t\u00fcm ar\u0131zalar\u0131, yakla\u015f\u0131k tamir \u00fccretlerini, \u00e7\u00f6z\u00fcmleri, uygulaman\u0131za g\u00f6re \u00f6zel parametre giri\u015fleri ile ilgili t\u00fcm arad\u0131klar\u0131n\u0131z\u0131 sitemizde[\/vc_column_text][\/vc_column][vc_column width=\"1\/3\" css=\".vc_custom_1507832326502{margin-bottom: 30px !important;}\"][vc_column_text\u2026","rel":"","context":"Benzer yaz\u0131","img":{"alt_text":"","src":"","width":0,"height":0},"classes":[]},{"id":225,"url":"https:\/\/www.inverter.com.tr\/?page_id=225","url_meta":{"origin":34,"position":1},"title":"On-Grid \u0130nvert\u00f6r Tamiri","date":"01\/05\/2017","format":false,"excerpt":"[vc_row][vc_column][rev_slider_vc alias=\"home-slider-2\"][\/vc_column][\/vc_row][vc_section css=\".vc_custom_1493652663971{padding-bottom: 40px !important;background-image: url(https:\/\/www.inverter.com.tr\/wp-content\/uploads\/2017\/05\/bg-02-11.jpg?id=229) !important;}\"][vc_row css_animation=\"none\"][vc_column][comrepair_section_heading decoration=\"decor-2\"] on-grid Servislerimiz Binlerce memnun m\u00fc\u015fteri p\u00f6rtf\u00f6y\u00fcm\u00fcz [\/comrepair_section_heading][comrepair_services_carousel posts_per_page=\"All\" more_link_text=\"Learn More\"][vc_column_text] T\u00fcm Servislerimizi G\u00f6r\u00fcn [\/vc_column_text][\/vc_column][\/vc_row][\/vc_section][vc_section css=\".vc_custom_1493628860262{padding-top: 0px !important;padding-bottom: 0px !important;background-color: #f5f5f5 !important;}\"][vc_row css_animation=\"none\"][vc_column][comrepair_text_image image_id=\"2086\"][vc_empty_space height=\"55\" el_class=\"hidden-xs hidden-sm\"][comrepair_section_heading decoration=\"decor-1\" css=\".vc_custom_1624562521129{padding-top: 0px !important;}\"] on-grid invert\u00f6r servisimiz Sundu\u011fumz hizmetler ve fark\u0131m\u0131z [\/comrepair_section_heading][vc_column_text] 1. On-Grid \u0130nvert\u00f6r\u2026","rel":"","context":"Benzer yaz\u0131","img":{"alt_text":"","src":"","width":0,"height":0},"classes":[]},{"id":254,"url":"https:\/\/www.inverter.com.tr\/?page_id=254","url_meta":{"origin":34,"position":2},"title":"Yapt\u0131\u011f\u0131m\u0131z \u0130\u015fler","date":"05\/05\/2017","format":false,"excerpt":"[vc_row][vc_column][rev_slider_vc alias=\"home-slider-3\"][\/vc_column][\/vc_row][vc_section css=\".vc_custom_1493915369115{padding-bottom: 40px !important;}\"][vc_row][vc_column offset=\"vc_col-md-offset-2 vc_col-md-8\"][comrepair_section_heading decoration=\"decor-1\"] YAPTI\u011eIMIZ \u0130\u015eLER Atakale Elektronik Solar \u0130nvert\u00f6r, \u015earj Cihaz\u0131 ,Solar Motor S\u00fcr\u00fcc\u00fc \u00fcr\u00fcnlerinin tamirini yapt\u0131\u011f\u0131 gibi, Komponent, \u0130nvert\u00f6r Kart\u0131,Sarf \u00fcr\u00fcnleri ve yedek par\u00e7a sat\u0131\u015f\u0131n\u0131da yapmkatad\u0131r. Ayd\u0131nlatma, flexible, \u00f6zel \u015fekilli g\u00fcne\u015f paneli imalat\u0131, LifePo4 BMS kart tamiri ve BMS imalat\u0131 konular\u0131nda da faaliyet g\u00f6stermektedir.\u2026","rel":"","context":"Benzer yaz\u0131","img":{"alt_text":"","src":"","width":0,"height":0},"classes":[]},{"id":1688,"url":"https:\/\/www.inverter.com.tr\/?page_id=1688","url_meta":{"origin":34,"position":3},"title":"ATAKALE ELEKTRON\u0130K K\u0130MD\u0130R","date":"28\/04\/2017","format":false,"excerpt":"[vc_row css=\".vc_custom_1494332326937{padding-top: 100px !important;padding-bottom: 100px !important;background-image: url(https:\/\/www.inverter.com.tr\/wp-content\/uploads\/2017\/04\/board-463968_1920-2.jpg?id=478) !important;background-position: center !important;background-repeat: no-repeat !important;background-size: cover !important;}\"][vc_column][vc_column_text] Bizi di\u011ferlerinden ay\u0131ran 3 Fark\u0131m\u0131z [\/vc_column_text][\/vc_column][\/vc_row][vc_section][vc_row][vc_column offset=\"vc_col-md-offset-2 vc_col-md-8\"][comrepair_section_heading] 1. 25 Senelik Tecr\u00fcbemiz VAR Inverter Markal\u0131 firmam\u0131z 1997 y\u0131l\u0131nda Ankarada 3 gen\u00e7 Elektronik M\u00fchendisi taraf\u0131ndan kuruldu. 1997 Y\u0131l\u0131nda Ankara da , 3 Gen\u00e7 Elektrik-Elektornik M\u00fchendisinin ortak giri\u015fimiyle\u2026","rel":"","context":"Benzer yaz\u0131","img":{"alt_text":"","src":"","width":0,"height":0},"classes":[]},{"id":174,"url":"https:\/\/www.inverter.com.tr\/?page_id=174","url_meta":{"origin":34,"position":4},"title":"Servislerimiz","date":"29\/04\/2017","format":false,"excerpt":"[vc_section css=\".vc_custom_1493498841217{padding-top: 60px !important;}\"][vc_row][vc_column][comrepair_services_grid style=\"style-2\" posts_per_page=\"All\" show_category_filter=\"yes\" more_link_text=\"Devam\u0131n\u0131 Oku\"][\/vc_column][\/vc_row][\/vc_section]","rel":"","context":"Benzer yaz\u0131","img":{"alt_text":"","src":"","width":0,"height":0},"classes":[]},{"id":1728,"url":"https:\/\/www.inverter.com.tr\/?page_id=1728","url_meta":{"origin":34,"position":5},"title":"\u0130leti\u015fim","date":"05\/09\/2018","format":false,"excerpt":"[vc_row full_width=\"stretch_row_content\" css=\".vc_custom_1506708727363{margin-top: 60px !important;}\"][vc_column width=\"1\/3\" offset=\"vc_col-md-offset-1 vc_col-md-3\"][vc_column_text] Ankara OST\u0130M Labaratuvar\u0131 Adres \u00c7aml\u0131ca\u00a0 M. 147. Cad 4\/I Yenimahalle Ankara,06200 Phones +90 312 425-22-00 +90 312 425-21-22 Email bilgi@inverter.com.tr[\/vc_column_text][\/vc_column][vc_column width=\"2\/3\"][vc_gmaps link=\"#E-8_JTIwJTNDaWZyYW1lJTIwc3JjJTNEJTIyaHR0cHMlM0ElMkYlMkZ3d3cuZ29vZ2xlLmNvbSUyRm1hcHMlMkZlbWJlZCUzRnBiJTNEJTIxMW0xOCUyMTFtMTIlMjExbTMlMjExZDMwNTguMjM2NzA5MTQ3MzA0MyUyMTJkMzIuNzcyMjg5NjU2MjY5MjglMjEzZDM5Ljk1ODQ2MDExMjE5OTkxNiUyMTJtMyUyMTFmMCUyMTJmMCUyMTNmMCUyMTNtMiUyMTFpMTAyNCUyMTJpNzY4JTIxNGYxMy4xJTIxM20zJTIxMW0yJTIxMXMweDE0ZDM0OTBmYzg4NDM0Y2QlMjUzQTB4M2I1NzY4ZmVmMmU2NmE1YiUyMTJzJTI1QzMlMjU4N2FtbCUyNUM0JTI1QjFjYSUyNTJDJTI1MjAxNDcuJTI1MjBTayUyNTIwTm8lMjUzQTQlMjUyQyUyNTIwMDYyMDAlMjUyMFllbmltYWhhbGxlJTI1MkZBbmthcmElMjE1ZTAlMjEzbTIlMjExc2VuJTIxMnN0ciUyMTR2MTU5NjI4NDI4MTU1MCUyMTVtMiUyMTFzZW4lMjEyc3RyJTIyJTIwc3R5bGUlM0QlMjJib3JkZXIlM0EwJTNCJTIyJTIwYWxsb3dmdWxsc2NyZWVuJTNEJTIyJTIyJTIwYXJpYS1oaWRkZW4lM0QlMjJmYWxzZSUyMiUyMHRhYmluZGV4JTNEJTIyMCUyMiUyMHdpZHRoJTNEJTIyNjAwJTIyJTIwaGVpZ2h0JTNEJTIyNDUwJTIyJTIwZnJhbWVib3JkZXIlM0QlMjIwJTIyJTNFJTNDJTJGaWZyYW1lJTNF\" size=\"400\" css_animation=\"fadeIn\" css=\".vc_custom_1627127219541{margin-bottom: 0px !important;background-color: #f7f7f7 !important;}\" title=\"invert\u00f6r test merkezi\"][\/vc_column][\/vc_row][vc_row css=\".vc_custom_1536162275948{margin-top: 60px !important;background-color: #f5f5f5 !important;}\" el_id=\"contact-form-row\"][vc_column][comrepair_text_image image_id=\"206\"][vc_empty_space height=\"20\" el_class=\"hidden-xs hidden-sm\"][vc_empty_space\u2026","rel":"","context":"Benzer yaz\u0131","img":{"alt_text":"","src":"","width":0,"height":0},"classes":[]}],"_links":{"self":[{"href":"https:\/\/www.inverter.com.tr\/index.php?rest_route=\/wp\/v2\/pages\/34","targetHints":{"allow":["GET"]}}],"collection":[{"href":"https:\/\/www.inverter.com.tr\/index.php?rest_route=\/wp\/v2\/pages"}],"about":[{"href":"https:\/\/www.inverter.com.tr\/index.php?rest_route=\/wp\/v2\/types\/page"}],"author":[{"embeddable":true,"href":"https:\/\/www.inverter.com.tr\/index.php?rest_route=\/wp\/v2\/users\/1"}],"replies":[{"embeddable":true,"href":"https:\/\/www.inverter.com.tr\/index.php?rest_route=%2Fwp%2Fv2%2Fcomments&post=34"}],"version-history":[{"count":35,"href":"https:\/\/www.inverter.com.tr\/index.php?rest_route=\/wp\/v2\/pages\/34\/revisions"}],"predecessor-version":[{"id":2061,"href":"https:\/\/www.inverter.com.tr\/index.php?rest_route=\/wp\/v2\/pages\/34\/revisions\/2061"}],"wp:attachment":[{"href":"https:\/\/www.inverter.com.tr\/index.php?rest_route=%2Fwp%2Fv2%2Fmedia&parent=34"}],"curies":[{"name":"wp","href":"https:\/\/api.w.org\/{rel}","templated":true}]}}