{"id":174,"date":"2017-04-29T20:47:23","date_gmt":"2017-04-29T20:47:23","guid":{"rendered":"https:\/\/demo.brothersthemes.com\/comrepair\/?page_id=174"},"modified":"2021-07-24T09:40:02","modified_gmt":"2021-07-24T06:40:02","slug":"services","status":"publish","type":"page","link":"https:\/\/www.inverter.com.tr\/?page_id=174","title":{"rendered":"Servislerimiz"},"content":{"rendered":"<p>[vc_section css=&#8221;.vc_custom_1493498841217{padding-top: 60px !important;}&#8221;][vc_row][vc_column][comrepair_services_grid style=&#8221;style-2&#8243; posts_per_page=&#8221;All&#8221; show_category_filter=&#8221;yes&#8221; more_link_text=&#8221;Devam\u0131n\u0131 Oku&#8221;][\/vc_column][\/vc_row][\/vc_section]<\/p>\n","protected":false},"excerpt":{"rendered":"<p>[vc_section css=&#8221;.vc_custom_1493498841217{padding-top: 60px !important;}&#8221;][vc_row][vc_column][comrepair_services_grid style=&#8221;style-2&#8243; posts_per_page=&#8221;All&#8221; show_category_filter=&#8221;yes&#8221; more_link_text=&#8221;Devam\u0131n\u0131 Oku&#8221;][\/vc_column][\/vc_row][\/vc_section]<\/p>\n","protected":false},"author":1,"featured_media":0,"parent":0,"menu_order":0,"comment_status":"closed","ping_status":"closed","template":"","meta":{"_regular_price":[],"currency_symbol":[],"_monsterinsights_skip_tracking":false,"_monsterinsights_sitenote_active":false,"_monsterinsights_sitenote_note":"","_monsterinsights_sitenote_category":0,"spay_email":"","footnotes":""},"class_list":["post-174","page","type-page","status-publish","hentry"],"post_slider_layout_featured_media_urls":{"thumbnail":"","post_slider_layout_landscape_large":"","post_slider_layout_portrait_large":"","post_slider_layout_square_large":"","post_slider_layout_landscape":"","post_slider_layout_portrait":"","post_slider_layout_square":"","full":""},"jetpack-related-posts":[{"id":351,"url":"https:\/\/www.inverter.com.tr\/?page_id=351","url_meta":{"origin":174,"position":0},"title":"Off-Grid \u0130nverter Tamiri","date":"07\/05\/2017","format":false,"excerpt":"[vc_row full_width=\"stretch_row_content_no_spaces\"][vc_column css=\".vc_custom_1507831981067{padding-right: 0px !important;padding-left: 0px !important;}\"][rev_slider_vc alias=\"home-slider-4\" el_class=\"mb-0\"][\/vc_column][\/vc_row][vc_section css=\".vc_custom_1507832472691{padding-top: 40px !important;padding-bottom: 25px !important;background-color: #f5f5f5 !important;}\"][vc_row][vc_column width=\"1\/3\" css=\".vc_custom_1507832317205{margin-bottom: 30px !important;}\"][vc_column_text css=\".vc_custom_1624390490615{margin-bottom: 0px !important;}\"] Ak\u0131ll\u0131 \u0130nvert\u00f6r Tamiri Ak\u0131ll\u0131 \u0130nvert\u00f6rler kullan\u0131l\u0131rken olu\u015facak t\u00fcm ar\u0131zalar\u0131, yakla\u015f\u0131k tamir \u00fccretlerini, \u00e7\u00f6z\u00fcmleri, uygulaman\u0131za g\u00f6re \u00f6zel parametre giri\u015fleri ile ilgili t\u00fcm arad\u0131klar\u0131n\u0131z\u0131 sitemizde[\/vc_column_text][\/vc_column][vc_column width=\"1\/3\" css=\".vc_custom_1507832326502{margin-bottom: 30px !important;}\"][vc_column_text\u2026","rel":"","context":"Benzer yaz\u0131","img":{"alt_text":"","src":"","width":0,"height":0},"classes":[]},{"id":254,"url":"https:\/\/www.inverter.com.tr\/?page_id=254","url_meta":{"origin":174,"position":1},"title":"Yapt\u0131\u011f\u0131m\u0131z \u0130\u015fler","date":"05\/05\/2017","format":false,"excerpt":"[vc_row][vc_column][rev_slider_vc alias=\"home-slider-3\"][\/vc_column][\/vc_row][vc_section css=\".vc_custom_1493915369115{padding-bottom: 40px !important;}\"][vc_row][vc_column offset=\"vc_col-md-offset-2 vc_col-md-8\"][comrepair_section_heading decoration=\"decor-1\"] YAPTI\u011eIMIZ \u0130\u015eLER Atakale Elektronik Solar \u0130nvert\u00f6r, \u015earj Cihaz\u0131 ,Solar Motor S\u00fcr\u00fcc\u00fc \u00fcr\u00fcnlerinin tamirini yapt\u0131\u011f\u0131 gibi, Komponent, \u0130nvert\u00f6r Kart\u0131,Sarf \u00fcr\u00fcnleri ve yedek par\u00e7a sat\u0131\u015f\u0131n\u0131da yapmkatad\u0131r. Ayd\u0131nlatma, flexible, \u00f6zel \u015fekilli g\u00fcne\u015f paneli imalat\u0131, LifePo4 BMS kart tamiri ve BMS imalat\u0131 konular\u0131nda da faaliyet g\u00f6stermektedir.\u2026","rel":"","context":"Benzer yaz\u0131","img":{"alt_text":"","src":"","width":0,"height":0},"classes":[]},{"id":34,"url":"https:\/\/www.inverter.com.tr\/","url_meta":{"origin":174,"position":2},"title":"Atakale Kurumsal","date":"28\/04\/2017","format":false,"excerpt":"[vc_row full_width=\"stretch_row\"][vc_column width=\"5\/6\"][rev_slider_vc alias=\"home-slider-3\"][\/vc_column][vc_column width=\"1\/6\"][\/vc_column][\/vc_row][vc_section css=\".vc_custom_1493375775698{background-image: url(https:\/\/www.inverter.com.tr\/wp-content\/uploads\/2017\/04\/pexels-photo-320517-bg.jpg?id=106) !important;}\"][vc_row][vc_column][comrepair_section_heading decoration=\"decor-1\"] invert\u00f6r Servisi tamiri Binlerce Memnun M\u00fc\u015fteri [\/comrepair_section_heading][\/vc_column][\/vc_row][vc_row][vc_column][comrepair_services_carousel posts_per_page=\"6\" autoplay_timeout=\"0\" more_link_text=\"Devam\u0131n\u0131 Oku\"][\/vc_column][\/vc_row][\/vc_section][vc_section css=\".vc_custom_1491950498217{padding-bottom: 0px !important;}\"][vc_row][vc_column][comrepair_section_heading decoration=\"decor-1\"] HAKKIMIZDA Firmam\u0131z her zaman AR-GE ye \u00f6nem vermi\u015f, \u015firket i\u00e7i e\u011fitimlerinde \u00f6rnek olmu\u015ftur. Uluslararas\u0131 geli\u015fmeleri ve en yeni \u00fcr\u00fcnleri \u00dclkemizde uygulama konusunda hep ilklere imza atm\u0131\u015ft\u0131r.\u2026","rel":"","context":"Benzer yaz\u0131","img":{"alt_text":"","src":"","width":0,"height":0},"classes":[]},{"id":225,"url":"https:\/\/www.inverter.com.tr\/?page_id=225","url_meta":{"origin":174,"position":3},"title":"On-Grid \u0130nvert\u00f6r Tamiri","date":"01\/05\/2017","format":false,"excerpt":"[vc_row][vc_column][rev_slider_vc alias=\"home-slider-2\"][\/vc_column][\/vc_row][vc_section css=\".vc_custom_1493652663971{padding-bottom: 40px !important;background-image: url(https:\/\/www.inverter.com.tr\/wp-content\/uploads\/2017\/05\/bg-02-11.jpg?id=229) !important;}\"][vc_row css_animation=\"none\"][vc_column][comrepair_section_heading decoration=\"decor-2\"] on-grid Servislerimiz Binlerce memnun m\u00fc\u015fteri p\u00f6rtf\u00f6y\u00fcm\u00fcz [\/comrepair_section_heading][comrepair_services_carousel posts_per_page=\"All\" more_link_text=\"Learn More\"][vc_column_text] T\u00fcm Servislerimizi G\u00f6r\u00fcn [\/vc_column_text][\/vc_column][\/vc_row][\/vc_section][vc_section css=\".vc_custom_1493628860262{padding-top: 0px !important;padding-bottom: 0px !important;background-color: #f5f5f5 !important;}\"][vc_row css_animation=\"none\"][vc_column][comrepair_text_image image_id=\"2086\"][vc_empty_space height=\"55\" el_class=\"hidden-xs hidden-sm\"][comrepair_section_heading decoration=\"decor-1\" css=\".vc_custom_1624562521129{padding-top: 0px !important;}\"] on-grid invert\u00f6r servisimiz Sundu\u011fumz hizmetler ve fark\u0131m\u0131z [\/comrepair_section_heading][vc_column_text] 1. On-Grid \u0130nvert\u00f6r\u2026","rel":"","context":"Benzer yaz\u0131","img":{"alt_text":"","src":"","width":0,"height":0},"classes":[]},{"id":1688,"url":"https:\/\/www.inverter.com.tr\/?page_id=1688","url_meta":{"origin":174,"position":4},"title":"ATAKALE ELEKTRON\u0130K K\u0130MD\u0130R","date":"28\/04\/2017","format":false,"excerpt":"[vc_row css=\".vc_custom_1494332326937{padding-top: 100px !important;padding-bottom: 100px !important;background-image: url(https:\/\/www.inverter.com.tr\/wp-content\/uploads\/2017\/04\/board-463968_1920-2.jpg?id=478) !important;background-position: center !important;background-repeat: no-repeat !important;background-size: cover !important;}\"][vc_column][vc_column_text] Bizi di\u011ferlerinden ay\u0131ran 3 Fark\u0131m\u0131z [\/vc_column_text][\/vc_column][\/vc_row][vc_section][vc_row][vc_column offset=\"vc_col-md-offset-2 vc_col-md-8\"][comrepair_section_heading] 1. 25 Senelik Tecr\u00fcbemiz VAR Inverter Markal\u0131 firmam\u0131z 1997 y\u0131l\u0131nda Ankarada 3 gen\u00e7 Elektronik M\u00fchendisi taraf\u0131ndan kuruldu. 1997 Y\u0131l\u0131nda Ankara da , 3 Gen\u00e7 Elektrik-Elektornik M\u00fchendisinin ortak giri\u015fimiyle\u2026","rel":"","context":"Benzer yaz\u0131","img":{"alt_text":"","src":"","width":0,"height":0},"classes":[]}],"_links":{"self":[{"href":"https:\/\/www.inverter.com.tr\/index.php?rest_route=\/wp\/v2\/pages\/174","targetHints":{"allow":["GET"]}}],"collection":[{"href":"https:\/\/www.inverter.com.tr\/index.php?rest_route=\/wp\/v2\/pages"}],"about":[{"href":"https:\/\/www.inverter.com.tr\/index.php?rest_route=\/wp\/v2\/types\/page"}],"author":[{"embeddable":true,"href":"https:\/\/www.inverter.com.tr\/index.php?rest_route=\/wp\/v2\/users\/1"}],"replies":[{"embeddable":true,"href":"https:\/\/www.inverter.com.tr\/index.php?rest_route=%2Fwp%2Fv2%2Fcomments&post=174"}],"version-history":[{"count":3,"href":"https:\/\/www.inverter.com.tr\/index.php?rest_route=\/wp\/v2\/pages\/174\/revisions"}],"predecessor-version":[{"id":2063,"href":"https:\/\/www.inverter.com.tr\/index.php?rest_route=\/wp\/v2\/pages\/174\/revisions\/2063"}],"wp:attachment":[{"href":"https:\/\/www.inverter.com.tr\/index.php?rest_route=%2Fwp%2Fv2%2Fmedia&parent=174"}],"curies":[{"name":"wp","href":"https:\/\/api.w.org\/{rel}","templated":true}]}}