{"id":351,"date":"2017-05-07T17:55:52","date_gmt":"2017-05-07T17:55:52","guid":{"rendered":"https:\/\/demo.brothersthemes.com\/comrepair\/?page_id=351"},"modified":"2021-07-22T12:50:44","modified_gmt":"2021-07-22T09:50:44","slug":"home-4","status":"publish","type":"page","link":"http:\/\/www.inverter.com.tr\/?page_id=351","title":{"rendered":"Off-Grid \u0130nverter Tamiri"},"content":{"rendered":"<p>[vc_row full_width=&#8221;stretch_row_content_no_spaces&#8221;][vc_column css=&#8221;.vc_custom_1507831981067{padding-right: 0px !important;padding-left: 0px !important;}&#8221;][rev_slider_vc alias=&#8221;home-slider-4&#8243; el_class=&#8221;mb-0&#8243;][\/vc_column][\/vc_row][vc_section css=&#8221;.vc_custom_1507832472691{padding-top: 40px !important;padding-bottom: 25px !important;background-color: #f5f5f5 !important;}&#8221;][vc_row][vc_column width=&#8221;1\/3&#8243; css=&#8221;.vc_custom_1507832317205{margin-bottom: 30px !important;}&#8221;][vc_column_text css=&#8221;.vc_custom_1624390490615{margin-bottom: 0px !important;}&#8221;]<\/p>\n<h4>Ak\u0131ll\u0131 \u0130nvert\u00f6r Tamiri<\/h4>\n<p>Ak\u0131ll\u0131 \u0130nvert\u00f6rler kullan\u0131l\u0131rken olu\u015facak t\u00fcm ar\u0131zalar\u0131, yakla\u015f\u0131k tamir \u00fccretlerini, \u00e7\u00f6z\u00fcmleri, uygulaman\u0131za g\u00f6re \u00f6zel parametre giri\u015fleri ile ilgili t\u00fcm arad\u0131klar\u0131n\u0131z\u0131 sitemizde[\/vc_column_text][\/vc_column][vc_column width=&#8221;1\/3&#8243; css=&#8221;.vc_custom_1507832326502{margin-bottom: 30px !important;}&#8221;][vc_column_text css=&#8221;.vc_custom_1624390500093{margin-bottom: 0px !important;}&#8221;]<\/p>\n<h4>Modifiye Sin\u00fcs Tamiri<\/h4>\n<p>100W-5Kw aras\u0131 t\u00fcm marka ve model ak\u0131ll\u0131 invert\u00f6rlerde meydana gelen problemleri bizimle payla\u015f\u0131n hem teknik destek hemde tamiri i\u00e7in bilgi alabilirsiniz[\/vc_column_text][\/vc_column][vc_column width=&#8221;1\/3&#8243; css=&#8221;.vc_custom_1507832333576{margin-bottom: 30px !important;}&#8221;][vc_column_text css=&#8221;.vc_custom_1624390665071{margin-bottom: 0px !important;}&#8221;]<\/p>\n<h4>Tam Sin\u00fcs Tamiri<\/h4>\n<p>\u00d6zellikle karavan, ara\u00e7 , portatif uygulamalarda kulland\u0131\u011f\u0131n\u0131z Tam Sin\u00fcs \u0130nvert\u00f6rleri g\u00fcvenle , orijinalinden farks\u0131z halde ,uzman kadromuzla size geri teslim ediyoruz.[\/vc_column_text][\/vc_column][\/vc_row][vc_row][vc_column width=&#8221;1\/3&#8243; css=&#8221;.vc_custom_1507832341738{margin-bottom: 30px !important;}&#8221;][vc_column_text css=&#8221;.vc_custom_1624478631417{margin-bottom: 0px !important;}&#8221;]<\/p>\n<h4>Transformat\u00f6rl\u00fc \u0130nvert\u00f6rler<\/h4>\n<p>VictronEnergy gibitransformat\u00f6rl\u00fc yap\u0131ya sahip invert\u00f6rlerdir. Hatas\u0131z Tamirleri i\u00e7in kart, komponent\u00a0 ve kar\u015f\u0131la\u015ft\u0131rma yapacak yedek \u00fcr\u00fcn sto\u011fumuz vard\u0131r[\/vc_column_text][\/vc_column][vc_column width=&#8221;1\/3&#8243; css=&#8221;.vc_custom_1507832348823{margin-bottom: 30px !important;}&#8221;][vc_column_text css=&#8221;.vc_custom_1624478474305{margin-bottom: 0px !important;}&#8221;]<\/p>\n<h4>Hibrit \u0130nvert\u00f6r Tamiri<\/h4>\n<p>Firmam\u0131z On-Grid ve Off-Grid hibrit \u00e7al\u0131\u015fan invert\u00f6r teknolojilerini labaratuvar\u0131ndaki, string solar paneller, kapasiteli test bataryalar\u0131 ile test ederek %100 tamirini yapmaktad\u0131r.[\/vc_column_text][\/vc_column][vc_column width=&#8221;1\/3&#8243; css=&#8221;.vc_custom_1507832356264{margin-bottom: 30px !important;}&#8221;][vc_column_text css=&#8221;.vc_custom_1624479298544{margin-bottom: 0px !important;}&#8221;]<\/p>\n<h4>\u015eebeke \u015earjl\u0131 \u0130nvert\u00f6rler<\/h4>\n<p>UPS gibi kullan\u0131lan ve portatif karavan ara\u00e7 t\u00fcr\u00fc farkl\u0131 marka invert\u00f6rlerin tamirinde uzun s\u00fcre \u015febeke ve y\u00fck testine\u00a0 tabii tutularak hatas\u0131z servis anlay\u0131\u015f\u0131m\u0131zla hizmetinizdeyiz[\/vc_column_text][\/vc_column][\/vc_row][\/vc_section][vc_section][vc_row][vc_column offset=&#8221;vc_col-md-offset-2 vc_col-md-8&#8243;][comrepair_section_heading decoration=&#8221;decor-1&#8243;]<\/p>\n<h4 class=\"text-uppercase\" style=\"text-align: center;\">\u0130NVERT\u00d6R TAM\u0130R\u0130NDE \u00d6N B\u0130LG\u0130LEND\u0130RME<\/h4>\n<p class=\"lead\" style=\"text-align: center;\">\u0130nvert\u00f6r tamir servisimize gelen t\u00fcm cihazlar tamir edilmeden \u00f6nce m\u00fc\u015fterilerimiz isabetli \u00f6n bilgilendirme\u00a0 ile , hi\u00e7bir s\u00fcprizle kar\u015f\u0131la\u015fmadan sipair\u015f kararlar\u0131n\u0131 verirler. Bu a\u015fama ticari bir servis de\u011fil, \u00fccretsiz bilgilendirme hizmetidir<\/p>\n<p>[\/comrepair_section_heading][\/vc_column][\/vc_row][vc_row][vc_column width=&#8221;1\/4&#8243;][comrepair_feature_box style=&#8221;style-2&#8243; icon_font=&#8221;linecons&#8221; icon_linecons=&#8221;vc_li vc_li-settings&#8221;]<\/p>\n<h4>\u00dccretsiz Kargo<\/h4>\n<p>Firmam\u0131za g\u00f6nderilen t\u00fcm \u00fcr\u00fcnler anla\u015fmal\u0131 kargoya verilmek \u015fart\u0131yla\u00a0 \u00fccretsizdir.[\/comrepair_feature_box][\/vc_column][vc_column width=&#8221;1\/4&#8243;][comrepair_feature_box style=&#8221;style-2&#8243; icon_font=&#8221;linecons&#8221; icon_linecons=&#8221;vc_li vc_li-banknote&#8221;]<\/p>\n<h4>\u00dccretsiz Te\u015fhis<\/h4>\n<p>\u00d6n bilgilendirme, fiyat teklifi, ar\u0131za \u00e7\u00f6z\u00fcm analizi tamamen \u00fccretsizdir.[\/comrepair_feature_box][\/vc_column][vc_column width=&#8221;1\/4&#8243;][comrepair_feature_box style=&#8221;style-2&#8243; icon_font=&#8221;linecons&#8221; icon_linecons=&#8221;vc_li vc_li-note&#8221;]<\/p>\n<h4>1 Sene Garanti<\/h4>\n<p>1 sene boyunca ayn\u0131 ar\u0131za tekrarlanmas\u0131 durumunda invert\u00f6r \u00fccretsiz tamir edilir[\/comrepair_feature_box][\/vc_column][vc_column width=&#8221;1\/4&#8243;][comrepair_feature_box style=&#8221;style-2&#8243; icon_font=&#8221;linecons&#8221; icon_linecons=&#8221;vc_li vc_li-cup&#8221;]<\/p>\n<h4>S\u0131f\u0131r Risk<\/h4>\n<p>Tamir edilemeyen invert\u00f6rler i\u00e7in hi\u00e7bir servis ve par\u00e7a \u00fccreti tahakkuk ettirilmez.[\/comrepair_feature_box][\/vc_column][\/vc_row][\/vc_section][vc_section css=&#8221;.vc_custom_1493962057314{padding-bottom: 40px !important;background-color: #f5f5f5 !important;}&#8221;][vc_row][vc_column width=&#8221;2\/3&#8243; offset=&#8221;vc_col-md-offset-2&#8243;][comrepair_section_heading decoration=&#8221;decor-1&#8243;]<\/p>\n<h4 class=\"text-uppercase\" style=\"text-align: center;\">TELEFONLA SERV\u0130S H\u0130ZMET\u0130<\/h4>\n<p class=\"lead\" style=\"text-align: center;\">Atakale Elektronik&#8217;ten tamir hizmeti alan t\u00fcm m\u00fc\u015fterilerimiz 6 ay boyunca \u00fcr\u00fcnle iligli t\u00fcm teknik deste\u011fi, uzaktan \u00fcr\u00fcn kurulum ve ayar hizmetini \u00fccretsiz al\u0131rlar.<\/p>\n<p>[\/comrepair_section_heading][\/vc_column][\/vc_row][vc_row][vc_column][comrepair_services_grid style=&#8221;style-2&#8243; posts_per_page=&#8221;3&#8243;][vc_column_text]<\/p>\n<p style=\"text-align: center;\"><a class=\"btn btn-primary btn-rounded\" href=\"#\">T\u00fcm Servisler<\/a><\/p>\n<p>[\/vc_column_text][\/vc_column][\/vc_row][\/vc_section][vc_section content_placement=&#8221;middle&#8221; el_class=&#8221;bg-secondary&#8221; css=&#8221;.vc_custom_1494311702851{padding-top: 30px !important;padding-bottom: 30px !important;background-image: url(https:\/\/www.inverter.com.tr\/wp-content\/uploads\/2017\/05\/bg-3-03.jpg?id=456) !important;background-position: center !important;background-repeat: no-repeat !important;background-size: cover !important;}&#8221;][vc_row content_placement=&#8221;middle&#8221; css=&#8221;.vc_custom_1494311286019{background-position: center !important;background-repeat: no-repeat !important;background-size: cover !important;}&#8221;][vc_column width=&#8221;2\/3&#8243;][vc_column_text]<\/p>\n<h1 class=\"text-white\">Biz Sadece \u0130nvert\u00f6r Tamiri yapm\u0131yoruz, ayn\u0131 zamanda t\u00fcm \u00fcr\u00fcnleri sat\u0131n alabilirsiniz<\/h1>\n<p><span class=\"text-white\">Atakale Elektronik 1997 y\u0131l\u0131ndan beri ithlat etti\u011fi,\u00fcretti\u011fi solar enerji alan\u0131ndaki \u00fcr\u00fcnleri toptan , parakende sat\u0131\u015f\u0131n\u0131 yapmaktad\u0131r. Servis verdi\u011fimiz tamirii apt\u0131\u011f\u0131m\u0131z \u00fcr\u00fcnleri online sat\u0131\u015f sitemizden direk alaiblirisniz. \u0130nvert\u00f6r\u00fc ald\u0131\u011f\u0131n\u0131z gibi , invert\u00f6r tamirinde kullanaca\u011f\u0131n\u0131z t\u00fcm par\u00e7a ve kartlar\u0131da bu siteden online veya telefonla sipari\u015f edebilirsiniz<\/span><br \/>\n<a class=\"btn btn-primary btn-rounded\" style=\"margin-top: 20px;\" href=\"http:\/\/www.atakale.com.tr\">Sat\u0131\u015f Sayfam\u0131za Bak\u0131n\u0131z<\/a>[\/vc_column_text][\/vc_column][vc_column width=&#8221;1\/3&#8243; offset=&#8221;vc_hidden-sm vc_hidden-xs&#8221;][vc_single_image image=&#8221;1887&#8243; img_size=&#8221;full&#8221; css=&#8221;.vc_custom_1624483352065{margin-bottom: 0px !important;}&#8221;][\/vc_column][\/vc_row][\/vc_section][vc_section css=&#8221;.vc_custom_1494179941157{background-image: url(https:\/\/www.inverter.com.tr\/wp-content\/uploads\/2017\/05\/bg-light-01.png?id=263) !important;background-position: center !important;background-repeat: no-repeat !important;background-size: contain !important;}&#8221;][vc_row][vc_column][comrepair_section_heading decoration=&#8221;decor-1&#8243;]<\/p>\n<h4 class=\"text-uppercase\" style=\"text-align: center;\">M\u00fc\u015fterilerimizin yorumlar\u0131<\/h4>\n<p style=\"text-align: center;\"><em>Binlerce memnun m\u00fc\u015fterimiz<\/em><\/p>\n<p>[\/comrepair_section_heading][comrepair_testimonials_carousel posts_per_page=&#8221;All&#8221;][\/vc_column][\/vc_row][\/vc_section][vc_section css=&#8221;.vc_custom_1494190186938{padding-bottom: 40px !important;background: #f5f5f5 url(https:\/\/www.inverter.com.tr\/wp-content\/uploads\/2017\/05\/bg-07.jpg?id=373) !important;background-position: center !important;background-repeat: no-repeat !important;background-size: cover !important;}&#8221;][vc_row][vc_column][comrepair_section_heading decoration=&#8221;decor-1&#8243;]<\/p>\n<h4 class=\"text-uppercase\" style=\"text-align: center;\">firmadan haberler<\/h4>\n<p style=\"text-align: center;\"><em>Atakale Elektronik \u0130nvert\u00f6r tamirinde d\u00fcnyadan ve sekt\u00f6rden \u00f6nemli teknolojik geli\u015fmeleri ve yeni \u00fcr\u00fcnleri buraan t\u00fcm m\u00fc\u015fterilerimize ilk olarak haber vrmektedir. \u00dcye olunuz&#8230;<\/em><\/p>\n<p>[\/comrepair_section_heading][comrepair_posts_feed][vc_column_text]<\/p>\n<p style=\"text-align: center;\"><a class=\"btn btn-primary btn-rounded\" href=\"#\">G\u00fcncel Blog Makaleleri Okuyunuz<\/a><\/p>\n<p>[\/vc_column_text][\/vc_column][\/vc_row][\/vc_section][vc_section][vc_row css_animation=&#8221;none&#8221;][vc_column][comrepair_section_heading decoration=&#8221;decor-1&#8243;]<\/p>\n<h4 class=\"text-uppercase\" style=\"text-align: center;\">onayl\u0131 hizmetlerimiz<\/h4>\n<p style=\"text-align: center;\"><em>D\u00fczenli hizmet verilen markalar<\/em><\/p>\n<p>[\/comrepair_section_heading][comrepair_logo_box image_ids=&#8221;1892,1893,1894,1896,1898&#8243;][\/vc_column][\/vc_row][\/vc_section][vc_section css=&#8221;.vc_custom_1493989419484{padding-top: 0px !important;padding-bottom: 0px !important;}&#8221;][vc_row el_class=&#8221;bg-secondary&#8221;][vc_column][comrepair_cta style=&#8221;horizontal&#8221; button_href=&#8221;http:\/\/www.atakale.com.tr&#8221; button_text=&#8221;\u015eimdi sipari\u015f ediniz&#8221;]<\/p>\n<h2>\u0130nvert\u00f6rleriniz sizi yar\u0131 yolda b\u0131rak\u0131yorsa!<\/h2>\n<p>G\u00fcne\u015f enerji sisteminizin verimi invert\u00f6r\u00fcn\u00fcze ba\u011fl\u0131d\u0131r. Ayarlar\u0131 sadece uzmanlar yapar![\/comrepair_cta][\/vc_column][\/vc_row][\/vc_section]<\/p>\n","protected":false},"excerpt":{"rendered":"<p>[vc_row full_width=&#8221;stretch_row_content_no_spaces&#8221;][vc_column css=&#8221;.vc_custom_1507831981067{padding-right: 0px !important;padding-left: 0px !important;}&#8221;][rev_slider_vc alias=&#8221;home-slider-4&#8243; el_class=&#8221;mb-0&#8243;][\/vc_column][\/vc_row][vc_section css=&#8221;.vc_custom_1507832472691{padding-top: 40px !important;padding-bottom: 25px !important;background-color: #f5f5f5 !important;}&#8221;][vc_row][vc_column width=&#8221;1\/3&#8243; css=&#8221;.vc_custom_1507832317205{margin-bottom: 30px !important;}&#8221;][vc_column_text css=&#8221;.vc_custom_1624390490615{margin-bottom: 0px !important;}&#8221;] Ak\u0131ll\u0131 \u0130nvert\u00f6r Tamiri Ak\u0131ll\u0131 \u0130nvert\u00f6rler kullan\u0131l\u0131rken olu\u015facak t\u00fcm ar\u0131zalar\u0131, yakla\u015f\u0131k tamir \u00fccretlerini, \u00e7\u00f6z\u00fcmleri, uygulaman\u0131za g\u00f6re \u00f6zel parametre giri\u015fleri ile ilgili t\u00fcm arad\u0131klar\u0131n\u0131z\u0131 sitemizde[\/vc_column_text][\/vc_column][vc_column width=&#8221;1\/3&#8243; css=&#8221;.vc_custom_1507832326502{margin-bottom: 30px !important;}&#8221;][vc_column_text css=&#8221;.vc_custom_1624390500093{margin-bottom: 0px !important;}&#8221;] Modifiye Sin\u00fcs [&hellip;]<\/p>\n","protected":false},"author":1,"featured_media":0,"parent":0,"menu_order":0,"comment_status":"closed","ping_status":"closed","template":"","meta":{"_regular_price":[],"currency_symbol":[],"_monsterinsights_skip_tracking":false,"_monsterinsights_sitenote_active":false,"_monsterinsights_sitenote_note":"","_monsterinsights_sitenote_category":0,"spay_email":"","footnotes":""},"class_list":["post-351","page","type-page","status-publish","hentry"],"post_slider_layout_featured_media_urls":{"thumbnail":"","post_slider_layout_landscape_large":"","post_slider_layout_portrait_large":"","post_slider_layout_square_large":"","post_slider_layout_landscape":"","post_slider_layout_portrait":"","post_slider_layout_square":"","full":""},"jetpack-related-posts":[{"id":254,"url":"http:\/\/www.inverter.com.tr\/?page_id=254","url_meta":{"origin":351,"position":0},"title":"Yapt\u0131\u011f\u0131m\u0131z \u0130\u015fler","date":"05\/05\/2017","format":false,"excerpt":"[vc_row][vc_column][rev_slider_vc alias=\"home-slider-3\"][\/vc_column][\/vc_row][vc_section css=\".vc_custom_1493915369115{padding-bottom: 40px !important;}\"][vc_row][vc_column offset=\"vc_col-md-offset-2 vc_col-md-8\"][comrepair_section_heading decoration=\"decor-1\"] YAPTI\u011eIMIZ \u0130\u015eLER Atakale Elektronik Solar \u0130nvert\u00f6r, \u015earj Cihaz\u0131 ,Solar Motor S\u00fcr\u00fcc\u00fc \u00fcr\u00fcnlerinin tamirini yapt\u0131\u011f\u0131 gibi, Komponent, \u0130nvert\u00f6r Kart\u0131,Sarf \u00fcr\u00fcnleri ve yedek par\u00e7a sat\u0131\u015f\u0131n\u0131da yapmkatad\u0131r. Ayd\u0131nlatma, flexible, \u00f6zel \u015fekilli g\u00fcne\u015f paneli imalat\u0131, LifePo4 BMS kart tamiri ve BMS imalat\u0131 konular\u0131nda da faaliyet g\u00f6stermektedir.\u2026","rel":"","context":"Benzer yaz\u0131","img":{"alt_text":"","src":"","width":0,"height":0},"classes":[]},{"id":225,"url":"http:\/\/www.inverter.com.tr\/?page_id=225","url_meta":{"origin":351,"position":1},"title":"On-Grid \u0130nvert\u00f6r Tamiri","date":"01\/05\/2017","format":false,"excerpt":"[vc_row][vc_column][rev_slider_vc alias=\"home-slider-2\"][\/vc_column][\/vc_row][vc_section css=\".vc_custom_1493652663971{padding-bottom: 40px !important;background-image: url(https:\/\/www.inverter.com.tr\/wp-content\/uploads\/2017\/05\/bg-02-11.jpg?id=229) !important;}\"][vc_row css_animation=\"none\"][vc_column][comrepair_section_heading decoration=\"decor-2\"] on-grid Servislerimiz Binlerce memnun m\u00fc\u015fteri p\u00f6rtf\u00f6y\u00fcm\u00fcz [\/comrepair_section_heading][comrepair_services_carousel posts_per_page=\"All\" more_link_text=\"Learn More\"][vc_column_text] T\u00fcm Servislerimizi G\u00f6r\u00fcn [\/vc_column_text][\/vc_column][\/vc_row][\/vc_section][vc_section css=\".vc_custom_1493628860262{padding-top: 0px !important;padding-bottom: 0px !important;background-color: #f5f5f5 !important;}\"][vc_row css_animation=\"none\"][vc_column][comrepair_text_image image_id=\"2086\"][vc_empty_space height=\"55\" el_class=\"hidden-xs hidden-sm\"][comrepair_section_heading decoration=\"decor-1\" css=\".vc_custom_1624562521129{padding-top: 0px !important;}\"] on-grid invert\u00f6r servisimiz Sundu\u011fumz hizmetler ve fark\u0131m\u0131z [\/comrepair_section_heading][vc_column_text] 1. On-Grid \u0130nvert\u00f6r\u2026","rel":"","context":"Benzer yaz\u0131","img":{"alt_text":"","src":"","width":0,"height":0},"classes":[]},{"id":34,"url":"http:\/\/www.inverter.com.tr\/","url_meta":{"origin":351,"position":2},"title":"Atakale Kurumsal","date":"28\/04\/2017","format":false,"excerpt":"[vc_row full_width=\"stretch_row\"][vc_column width=\"5\/6\"][rev_slider_vc alias=\"home-slider-3\"][\/vc_column][vc_column width=\"1\/6\"][\/vc_column][\/vc_row][vc_section css=\".vc_custom_1493375775698{background-image: url(https:\/\/www.inverter.com.tr\/wp-content\/uploads\/2017\/04\/pexels-photo-320517-bg.jpg?id=106) !important;}\"][vc_row][vc_column][comrepair_section_heading decoration=\"decor-1\"] invert\u00f6r Servisi tamiri Binlerce Memnun M\u00fc\u015fteri [\/comrepair_section_heading][\/vc_column][\/vc_row][vc_row][vc_column][comrepair_services_carousel posts_per_page=\"6\" autoplay_timeout=\"0\" more_link_text=\"Devam\u0131n\u0131 Oku\"][\/vc_column][\/vc_row][\/vc_section][vc_section css=\".vc_custom_1491950498217{padding-bottom: 0px !important;}\"][vc_row][vc_column][comrepair_section_heading decoration=\"decor-1\"] HAKKIMIZDA Firmam\u0131z her zaman AR-GE ye \u00f6nem vermi\u015f, \u015firket i\u00e7i e\u011fitimlerinde \u00f6rnek olmu\u015ftur. Uluslararas\u0131 geli\u015fmeleri ve en yeni \u00fcr\u00fcnleri \u00dclkemizde uygulama konusunda hep ilklere imza atm\u0131\u015ft\u0131r.\u2026","rel":"","context":"Benzer yaz\u0131","img":{"alt_text":"","src":"","width":0,"height":0},"classes":[]},{"id":1728,"url":"http:\/\/www.inverter.com.tr\/?page_id=1728","url_meta":{"origin":351,"position":3},"title":"\u0130leti\u015fim","date":"05\/09\/2018","format":false,"excerpt":"[vc_row full_width=\"stretch_row_content\" css=\".vc_custom_1506708727363{margin-top: 60px !important;}\"][vc_column width=\"1\/3\" offset=\"vc_col-md-offset-1 vc_col-md-3\"][vc_column_text] Ankara OST\u0130M Labaratuvar\u0131 Adres \u00c7aml\u0131ca\u00a0 M. 147. Cad 4\/I Yenimahalle Ankara,06200 Phones +90 312 425-22-00 +90 312 425-21-22 Email bilgi@inverter.com.tr[\/vc_column_text][\/vc_column][vc_column width=\"2\/3\"][vc_gmaps link=\"#E-8_JTIwJTNDaWZyYW1lJTIwc3JjJTNEJTIyaHR0cHMlM0ElMkYlMkZ3d3cuZ29vZ2xlLmNvbSUyRm1hcHMlMkZlbWJlZCUzRnBiJTNEJTIxMW0xOCUyMTFtMTIlMjExbTMlMjExZDMwNTguMjM2NzA5MTQ3MzA0MyUyMTJkMzIuNzcyMjg5NjU2MjY5MjglMjEzZDM5Ljk1ODQ2MDExMjE5OTkxNiUyMTJtMyUyMTFmMCUyMTJmMCUyMTNmMCUyMTNtMiUyMTFpMTAyNCUyMTJpNzY4JTIxNGYxMy4xJTIxM20zJTIxMW0yJTIxMXMweDE0ZDM0OTBmYzg4NDM0Y2QlMjUzQTB4M2I1NzY4ZmVmMmU2NmE1YiUyMTJzJTI1QzMlMjU4N2FtbCUyNUM0JTI1QjFjYSUyNTJDJTI1MjAxNDcuJTI1MjBTayUyNTIwTm8lMjUzQTQlMjUyQyUyNTIwMDYyMDAlMjUyMFllbmltYWhhbGxlJTI1MkZBbmthcmElMjE1ZTAlMjEzbTIlMjExc2VuJTIxMnN0ciUyMTR2MTU5NjI4NDI4MTU1MCUyMTVtMiUyMTFzZW4lMjEyc3RyJTIyJTIwc3R5bGUlM0QlMjJib3JkZXIlM0EwJTNCJTIyJTIwYWxsb3dmdWxsc2NyZWVuJTNEJTIyJTIyJTIwYXJpYS1oaWRkZW4lM0QlMjJmYWxzZSUyMiUyMHRhYmluZGV4JTNEJTIyMCUyMiUyMHdpZHRoJTNEJTIyNjAwJTIyJTIwaGVpZ2h0JTNEJTIyNDUwJTIyJTIwZnJhbWVib3JkZXIlM0QlMjIwJTIyJTNFJTNDJTJGaWZyYW1lJTNF\" size=\"400\" css_animation=\"fadeIn\" css=\".vc_custom_1627127219541{margin-bottom: 0px !important;background-color: #f7f7f7 !important;}\" title=\"invert\u00f6r test merkezi\"][\/vc_column][\/vc_row][vc_row css=\".vc_custom_1536162275948{margin-top: 60px !important;background-color: #f5f5f5 !important;}\" el_id=\"contact-form-row\"][vc_column][comrepair_text_image image_id=\"206\"][vc_empty_space height=\"20\" el_class=\"hidden-xs hidden-sm\"][vc_empty_space\u2026","rel":"","context":"Benzer yaz\u0131","img":{"alt_text":"","src":"","width":0,"height":0},"classes":[]},{"id":1688,"url":"http:\/\/www.inverter.com.tr\/?page_id=1688","url_meta":{"origin":351,"position":4},"title":"ATAKALE ELEKTRON\u0130K K\u0130MD\u0130R","date":"28\/04\/2017","format":false,"excerpt":"[vc_row css=\".vc_custom_1494332326937{padding-top: 100px !important;padding-bottom: 100px !important;background-image: url(https:\/\/www.inverter.com.tr\/wp-content\/uploads\/2017\/04\/board-463968_1920-2.jpg?id=478) !important;background-position: center !important;background-repeat: no-repeat !important;background-size: cover !important;}\"][vc_column][vc_column_text] Bizi di\u011ferlerinden ay\u0131ran 3 Fark\u0131m\u0131z [\/vc_column_text][\/vc_column][\/vc_row][vc_section][vc_row][vc_column offset=\"vc_col-md-offset-2 vc_col-md-8\"][comrepair_section_heading] 1. 25 Senelik Tecr\u00fcbemiz VAR Inverter Markal\u0131 firmam\u0131z 1997 y\u0131l\u0131nda Ankarada 3 gen\u00e7 Elektronik M\u00fchendisi taraf\u0131ndan kuruldu. 1997 Y\u0131l\u0131nda Ankara da , 3 Gen\u00e7 Elektrik-Elektornik M\u00fchendisinin ortak giri\u015fimiyle\u2026","rel":"","context":"Benzer yaz\u0131","img":{"alt_text":"","src":"","width":0,"height":0},"classes":[]},{"id":174,"url":"http:\/\/www.inverter.com.tr\/?page_id=174","url_meta":{"origin":351,"position":5},"title":"Servislerimiz","date":"29\/04\/2017","format":false,"excerpt":"[vc_section css=\".vc_custom_1493498841217{padding-top: 60px !important;}\"][vc_row][vc_column][comrepair_services_grid style=\"style-2\" posts_per_page=\"All\" show_category_filter=\"yes\" more_link_text=\"Devam\u0131n\u0131 Oku\"][\/vc_column][\/vc_row][\/vc_section]","rel":"","context":"Benzer yaz\u0131","img":{"alt_text":"","src":"","width":0,"height":0},"classes":[]}],"_links":{"self":[{"href":"http:\/\/www.inverter.com.tr\/index.php?rest_route=\/wp\/v2\/pages\/351","targetHints":{"allow":["GET"]}}],"collection":[{"href":"http:\/\/www.inverter.com.tr\/index.php?rest_route=\/wp\/v2\/pages"}],"about":[{"href":"http:\/\/www.inverter.com.tr\/index.php?rest_route=\/wp\/v2\/types\/page"}],"author":[{"embeddable":true,"href":"http:\/\/www.inverter.com.tr\/index.php?rest_route=\/wp\/v2\/users\/1"}],"replies":[{"embeddable":true,"href":"http:\/\/www.inverter.com.tr\/index.php?rest_route=%2Fwp%2Fv2%2Fcomments&post=351"}],"version-history":[{"count":35,"href":"http:\/\/www.inverter.com.tr\/index.php?rest_route=\/wp\/v2\/pages\/351\/revisions"}],"predecessor-version":[{"id":1901,"href":"http:\/\/www.inverter.com.tr\/index.php?rest_route=\/wp\/v2\/pages\/351\/revisions\/1901"}],"wp:attachment":[{"href":"http:\/\/www.inverter.com.tr\/index.php?rest_route=%2Fwp%2Fv2%2Fmedia&parent=351"}],"curies":[{"name":"wp","href":"https:\/\/api.w.org\/{rel}","templated":true}]}}