{"id":3,"date":"2021-06-15T20:55:14","date_gmt":"2021-06-15T20:55:14","guid":{"rendered":"https:\/\/www.inverter.com.tr\/?page_id=3"},"modified":"2021-07-24T11:13:03","modified_gmt":"2021-07-24T08:13:03","slug":"privacy-policy","status":"publish","type":"page","link":"http:\/\/www.inverter.com.tr\/?page_id=3","title":{"rendered":"Gizlilik ve G\u00fcvenlik Politikam\u0131z"},"content":{"rendered":"\r\n<h2 class=\"wp-block-heading\">Biz Kimiz<\/h2>\r\n\r\n\r\n\r\n<p><strong class=\"privacy-policy-tutorial\">Atakale invert\u00f6r tamir bak\u0131m onar\u0131m merkezi ile iglili firmam\u0131z hakk\u0131nda bilgi alabilirsiniz<\/strong>: <a href=\"http:\/\/www.inverter.com.tr\/?page_id=1688\">https:\/\/www.inverter.com.tr.<\/a><\/p>\r\n\r\n\r\n\r\n<h2 class=\"wp-block-heading\">Yorumlar<\/h2>\r\n\r\n\r\n\r\n<p><strong class=\"privacy-policy-tutorial\">Hakk\u0131m\u0131zdaki yorumlar ve yorum yazma iste\u011finiz:\u00a0\u00a0<\/strong>Sitemize giren t\u00fcm ziyaret\u00e7ilerimizin IP adresleri kaydedilmektedir. Yapm\u0131\u015f oldu\u011funuz yorumlar aramalar ve sayfalar\u0131m\u0131zla ilgili gezmi\u015f oldu\u011funuz yerler kaydedilmektedir. Bu bilgileri ticari ve istatistiki bilgi olarak taraf\u0131m\u0131zdan kullan\u0131lmakta, arama motorlar\u0131 taraf\u0131ndan payla\u015f\u0131lmaktad\u0131r. Sayfam\u0131za yapt\u0131\u011f\u0131n\u0131z her yorum su\u00e7\u00a0 \u00a0i\u00e7ermiyorsa yay\u0131nlan\u0131r. Su\u00e7 i\u00e7eren ve yanl\u0131\u015f beyan , 3. ki\u015filere kar\u015f\u0131 hak ihlali olanlar yay\u0131nlanmaz<\/p>\r\n\r\n\r\n\r\n\r\n\r\n<h2 class=\"wp-block-heading\">Medya ve Hak \u0130hali<\/h2>\r\n\r\n\r\n\r\n<p>Sitemize g\u00f6nderdi\u011finiz fikir, blok, yorum tavsiye , \u015fikayet resim, vidyo gibi i\u00e7erikleri Atakale nin bir ba\u015fka plasform site ve ki\u015filerle payla\u015fabilece\u011fini , ticari olarka bunlar\u0131 kullanca\u011f\u0131n\u0131 bilmenizi isteriz. Y\u00fckledi\u011finiz resim meday yorum ve resimlerin telif haklar\u0131 taraf\u0131n\u0131za aittir, \u00c7\u0131kabilecek su\u00e7 durumlar bu i\u00e7erikler adli kurumlara sizin IP adresini ve isminizle bilrikte teslim edilecektir.<\/p>\r\n<p>&nbsp;<\/p>\r\n\r\n\r\n\r\n<h2 class=\"wp-block-heading\">Bak\u0131m Onar\u0131m ve Tamir servisimizdeki \u00c7erezler<\/h2>\r\n\r\n\r\n\r\n<p>\u00c7erez, ziyaret etti\u011finiz web sitesi taraf\u0131ndan taray\u0131c\u0131n\u0131za g\u00f6nderilen k\u00fc\u00e7\u00fck bir metin par\u00e7as\u0131d\u0131r. Sitenin ziyaretinizle ilgili bilgileri hat\u0131rlamas\u0131na yard\u0131mc\u0131 olur. Bu da siteyi tekrar ziyaret etti\u011finizde size kolayl\u0131k sa\u011flayabilir ve siteyi daha kullan\u0131\u015fl\u0131 hale getirebilir.<\/p>\r\n<p>\u00d6rne\u011fin, tercih etti\u011finiz dili hat\u0131rlamak, size daha alakal\u0131 reklamlar g\u00f6stermek, bir sayfaya ka\u00e7 ziyaret\u00e7i geldi\u011fini belirlemek, hizmetlerimize kaydolman\u0131za yard\u0131mc\u0131 olmak, verilerinizi korumak ve reklam ayarlar\u0131n\u0131z\u0131 hat\u0131rlamak i\u00e7in \u00e7erezleri kullan\u0131r\u0131z.<\/p>\r\n<p>Bu sayfada, Google taraf\u0131ndan kullan\u0131lan \u00e7erez t\u00fcrleri a\u00e7\u0131klanmaktad\u0131r. Ayr\u0131ca Atakale ve i\u015f ortaklar\u0131m\u0131z\u0131n reklamlarda \u00e7erezleri nas\u0131l kulland\u0131\u011f\u0131 da anlat\u0131lmaktad\u0131r. \u00c7erezleri ve di\u011fer bilgileri kullan\u0131rken gizlili\u011finizi nas\u0131l korudu\u011fumuz hakk\u0131nda bilgi edinmek i\u00e7in Gizlilik Politikas\u0131&#8217;na bak\u0131n.<\/p>\r\n<p>A\u015fa\u011f\u0131da \u0130leti\u015fim Yaz\u0131l\u0131m taraf\u0131ndan i\u015flenen ve Kanun uyar\u0131nca ki\u015fisel veri say\u0131lan verilerin hangileri oldu\u011fu s\u0131ralanm\u0131\u015ft\u0131r. Aksi a\u00e7\u0131k\u00e7a belirtilmedik\u00e7e, i\u015fbu Politika kapsam\u0131nda arz edilen h\u00fck\u00fcm ve ko\u015fullar kapsam\u0131nda \u201cki\u015fisel veri\u201d ifadesi a\u015fa\u011f\u0131da yer alan bilgileri kapsayacakt\u0131r.<\/p>\r\n<p>Kimlik Bilgisi<br \/>\u0130leti\u015fim Bilgisi<br \/>Kullan\u0131c\u0131 Bilgisi<br \/>Kullan\u0131c\u0131 \u0130\u015flem Bilgisi<br \/>\u0130\u015flem G\u00fcvenli\u011fi Bilgisi<br \/>Pazarlama Bilgisi<br \/>Talep\/\u015eikayet Y\u00f6netimi Bilgisi<br \/>Ki\u015fisel Verilerin Korunmas\u0131 Kanunu\u2019nun 3. ve 7. maddeleri dairesince, geri d\u00f6nd\u00fcr\u00fclemeyecek \u015fekilde anonim hale getirilen veriler, an\u0131lan kanun h\u00fck\u00fcmleri uyar\u0131nca ki\u015fisel veri olarak kabul edilmeyecek ve bu verilere ili\u015fkin i\u015fleme faaliyetleri i\u015fbu Politika h\u00fck\u00fcmleri ile ba\u011fl\u0131 olmaks\u0131z\u0131n ger\u00e7ekle\u015ftirecektir.<\/p>\r\n<p>Atakale\u00a0 (\u201cinverter.com.tr\u201d) olarak, kullan\u0131c\u0131lar\u0131m\u0131z\u0131n hizmetlerimizden g\u00fcvenli ve eksiksiz \u015fekilde faydalanmalar\u0131n\u0131 sa\u011flamak amac\u0131yla sitemizi kullanan ziyaret\u00e7ilerimizin, bayilerimizin (hepsi birlikte \u201cTaraflar\u201d olarak an\u0131lacakt\u0131r) gizlili\u011fini korumak i\u00e7in \u00e7al\u0131\u015f\u0131yoruz. Bu do\u011frultuda, i\u015fbu \u0130leti\u015fim Yaz\u0131l\u0131m Gizlilik Politikas\u0131 (\u201cPolitika\u201d), taraflar\u0131n ki\u015fisel verilerinin 6698 say\u0131l\u0131 Ki\u015fisel Verilerin Korunmas\u0131 Kanunu (\u201cKanun\u201d) ile tamamen uyumlu bir \u015fekilde i\u015flenmesi ve kullan\u0131c\u0131lar\u0131m\u0131z\u0131 bu ba\u011flamda bilgilendirmek amac\u0131yla haz\u0131rlanm\u0131\u015ft\u0131r. www.inverter.com.tr \u00e7erez politikas\u0131 \u0130\u015fbu Politika\u2019n\u0131n ayr\u0131lmaz par\u00e7as\u0131d\u0131r.<\/p>\r\n<p>\u0130\u015fbu Politika\u2019n\u0131n amac\u0131, \u0130leti\u015fim Yaz\u0131l\u0131m taraf\u0131ndan i\u015fletilmekte olan www.inverter.com.tr internet sitesi \u00fcyeleri\/ziyaret\u00e7ileri\/kullan\u0131c\u0131lar\u0131 (hepsi birlikte \u201cVeri Sahibi\u201d olarak an\u0131lacakt\u0131r) taraf\u0131ndan \u0130leti\u015fim Yaz\u0131l\u0131m ile payla\u015f\u0131lan veya \u0130leti\u015fim Yaz\u0131l\u0131m\u2019\u0131n, Veri Sahibi\u2019nin siteyi kullan\u0131m\u0131 s\u0131ras\u0131nda \u00fcretti\u011fi ki\u015fisel verilerin kullan\u0131m\u0131na ili\u015fkin ko\u015ful ve \u015fartlar\u0131 tespit etmektir.<\/p>\r\n\r\n\r\n\r\n<h2 class=\"wp-block-heading\">Di\u011fer Site i\u00e7eriklrinin g\u00f6sterilmesi<\/h2>\r\n<p>Di\u011fer sitelerden al\u0131nan , \u00f6rnek tavsiye, link, yorum ve at\u0131flar hak ihlali olu\u015fturu\u011funu d\u00fc\u015f\u00fcn\u00fcyorsa\u0131z, hemen firmam\u0131z\u0131 bilgilendirerek, bu ihlallerin h\u0131zl\u0131ca \u00f6nlenmesini sa\u011flayabilirsiniz. M\u00fc\u015fterilerimizin, yorumcular\u0131n, blog yazarlar\u0131n\u0131n , \u00fcr\u00fcn a\u00e7\u0131klamalar\u0131n\u0131n, video ve marka isimlerinin inverter.com.tr de yay\u0131nlanmas\u0131 esnas\u0131nda y\u00fcksek dikkat g\u00f6stermekteyiz. Buna ra\u011fmen olu\u015facak bizden kaynakl\u0131 veya stemizi ziyaret edenlerin payla\u015ft\u0131\u011f\u0131 su\u00e7 unsuru bulunan , ba\u015fkas\u0131na ait i\u00e7eriklerin burada yay\u0131nlanmas\u0131 durumunda firmam\u0131z derhal, hukuk ve yasaya uygun \u015fekilde bunlar\u0131 gidermeye haz\u0131rd\u0131r. Sitemizde bu t\u00fcr yay\u0131nlar ayer vermemekteyiz. T\u00fcm yaz\u0131la\u0131rm\u0131z firmam\u0131z m\u00fchendisleir ve teknik ekibi taraf\u0131ndan orijnal \u015fekilde haz\u0131rlanm\u0131\u015ft\u0131r<\/p>\r\n\r\n\r\n\r\n<p>&nbsp;<\/p>\r\n\r\n\r\n\r\n<h2 class=\"wp-block-heading\">M\u00fc\u015fteri ve ziyaret\u00e7ilerimizin bilgi ve kay\u0131tlar\u0131n\u0131 ne kadar s\u00fcre sakl\u0131yoruz.<\/h2>\r\n\r\n\r\n\r\n<p><b> 6563 ,6098,6102\/213,5651 kan\u0131nlar\u0131nda belirtilen maddelere g\u00f6re, a\u015fa\u011f\u0131daki s\u00fcreler boyunca kay\u0131tlar\u0131n\u0131z\u0131 sakl\u0131yoruz ve herhangi bir olumsuzluk hukuki durum kar\u015f\u0131s\u0131nda da kullan\u0131yoruz.<\/b><\/p>\r\n<ul>\r\n<li>Firam\u0131z\u0131 arad\u0131\u011f\u0131n\u0131zda ses kayd\u0131n\u0131 3 sene boyunca sakl\u0131yoruz ve kalite standartlar\u0131 gere\u011fi inverter tamir sistemerimizde kullan\u0131yoruz.<\/li>\r\n<li>\u00dcyelik sipari\u015f , soru, yorum, e-mail , cevaplar ile ilgili bilgilerinizi 10 sene boyunca sakl\u0131yoruz ve gerekli g\u00f6dr\u00fcklerimizi size sormadan yay\u0131nl\u0131yoruz ve kullan\u0131yoruz.<\/li>\r\n<li>Cari hesap bilgilrinizi muhsasebe bilgilerinizi \u00f6deme ve alacka verecek bakiye bilgilerini 10 sene boyunca yaz\u0131l\u0131 ve dijital ortamda sakl\u0131yoruz, ve gerekli g\u00f6rd\u00fc\u011f\u00fcm\u00fczde hukuki, vergi, muhsaebe i\u015flemlerinde kullan\u0131yoruz.<\/li>\r\n<li>\u00c7erezleri 540 g\u00fcn sakl\u0131yoruz ve bunlar\u0131 ticari, istatistik konusunda kullan\u0131yoruz, sizlere reklam yapmak amac\u0131yla ba\u015fka dijital ortamlara aktar\u0131yoruz.<\/li>\r\n<li>Elektronik onan ve iletilerinizi 10 sene boyunca sakl\u0131yoruz herhangi bir titiraz durumunda delil olarak kullan\u0131yoruz.<\/li>\r\n<li>\u00c7evrim i\u00e7in yani internette sitemizde yapt\u0131\u011f\u0131n\u0131z t\u00fcm gezintileri, IP adresinizle bilrikte kaydediyrouz ve bunalr\u0131 10 sene boyunca silmiyoruz, yapt\u0131\u011f\u0131n\u0131z her trafik bilgisi dijital ortamda kaydedilmektedir<\/li>\r\n<li>\u0130l ba\u015fvurus yapt\u0131\u011f\u0131n\u0131zda bu bilgiler 10 sene boyunca firmam\u0131zda kay\u0131tl\u0131 olarak durur. Ve bu bilgileri insan kaynaklar\u0131 b\u00f6l\u00fcm\u00fcm\u00fcz taraf\u0131ndan kullan\u0131l\u0131r. Herhangi bir s\u00fcre i\u00e7inde sizi arayaiblir ve bu bilgilerle ilgili soru sorabiliriz.<\/li>\r\n<li>Misafir m\u00fc\u015fteri olarka yapt\u0131\u011f\u0131n\u0131z t\u00fcm al\u0131\u015fveri\u015f ziyaret ve bilgi giri\u015fleri 10 sene boyunca dijital olarak sakl\u0131yoruz<\/li>\r\n<li>Tedarik\u00e7ilerin bilgilerini inverter tamir merkezi olarak 10 sene sakl\u0131yoruz.<\/li>\r\n<li>Sitemizde yay\u0131nlayac\u011fam\u0131z anket bilgilerini 10 sene boyunca dijital ortamda kay\u0131tl\u0131 tutup kullan\u0131yoruz<\/li>\r\n<\/ul>\r\n\r\n\r\n\r\n<h2 class=\"wp-block-heading\">Bizde kay\u0131tl\u0131 verilerinizle ilgili haklar\u0131n\u0131z<\/h2>\r\n\r\n\r\n\r\n<p><b>inverter.com.tr tamir ve servis sitemizde kay\u0131tl\u0131 ki\u015fisel verilerinizle ilgili haklar\u0131n\u0131z konusunda sizlere a\u015fa\u011f\u0131da bilgileri veriyoruz.<\/b><\/p>\r\n<p>Atakale taraf\u0131ndan i\u015flenen ki\u015fisel veriler \u00fczerinde \u0130lgili Ki\u015fi\u2019nin ki\u015fisel veri kullan\u0131m\u0131\u00a0 Kanunu 11. maddesi\u00a0 uyar\u0131nca sahip oldu\u011fu haklar a\u015fa\u011f\u0131da s\u0131ralanmaktad\u0131r:<\/p>\r\n<ul>\r\n<li>Size ait Ki\u015fisel verileriniz\u00a0 i\u015flenip i\u015flenmedi\u011fini \u00f6\u011frenebilirsiniz<\/li>\r\n<li><br \/>E\u011fer size ait Ki\u015fisel verileriniz web sayfam\u0131zda\u00a0 i\u015flenmi\u015fse buna ili\u015fkin bilgi talep etme hakk\u0131n\u0131z vard\u0131r<\/li>\r\n<li><br \/>E\u011fer Ki\u015fisel verilerin i\u015fleni\u015f ise ve bunun\u00a0 amac\u0131n\u0131 ve bunlar\u0131n amac\u0131na uygun kullan\u0131l\u0131p kullan\u0131lmad\u0131\u011f\u0131n\u0131 \u00f6\u011frenebilirsiniz,<\/li>\r\n<li><br \/>Yurt i\u00e7inde veya yurt d\u0131\u015f\u0131nda ki\u015fisel verilerin aktar\u0131ld\u0131\u011f\u0131 \u00fc\u00e7\u00fcnc\u00fc ki\u015fileri bilme hakk\u0131n\u0131z vard\u0131r,<\/li>\r\n<li><br \/>Atakale inverter tamir merkezinde Ki\u015fisel verilerin eksik veya yanl\u0131\u015f i\u015flenmi\u015f olmas\u0131 h\u00e2linde bunlar\u0131n d\u00fczeltilmesini isteyebilirsiniz,<\/li>\r\n<li><br \/>K\u015fisel veri kullan\u0131m\u0131 Kanununun\u00a0 7.\u00a0 maddesinde\u00a0 \u00f6ng\u00f6r\u00fclen \u015fartlar \u00e7er\u00e7evesinde ki\u015fisel verilerin silinmesini veya yok edilmesini isteyebilirsiniz<\/li>\r\n<li><br \/>(d) ve (e) bentleri uyar\u0131nca yap\u0131lan i\u015flemlerin, ki\u015fisel verilerin aktar\u0131ld\u0131\u011f\u0131 \u00fc\u00e7\u00fcnc\u00fc ki\u015filere bildirilmesini isteme,<\/li>\r\n<li><br \/>Sitemizde \u0130\u015flenen verilerin \u00f6zellikle otomatik sistemler vas\u0131tas\u0131yla analiz edilmesi suretiyle ki\u015finin kendisi aleyhine bir sonucun ortaya \u00e7\u0131kmas\u0131na itiraz etme hakk\u0131n\u0131z var,<\/li>\r\n<li><br \/>sitemizde yay\u0131nlanan KVK\u00a0 ayk\u0131r\u0131 olarak i\u015flenmesi sebebiyle zarara u\u011framas\u0131 h\u00e2linde zarar\u0131n giderilmesini talep edebilirsiniz.<\/li>\r\n<li><br \/>Sitemizdeki Ki\u015fisel verileriniz \u00fczerindeki haklar\u0131n\u0131z\u0131 kullanmak i\u00e7in; Atakale Elektronik\u00a0 websitesi, mobil uygulamas\u0131 ve mobil sitesi i\u00e7indeki \u201cHesab\u0131m\u201d b\u00f6l\u00fcm\u00fcnden hesab\u0131n\u0131za eri\u015febilir ve gereklide\u011fi\u015fiklik, g\u00fcncelleme ve\/veya silme gibi i\u015flemleri yapabilirsiniz. Ayr\u0131ca, Atakale Elektornik\u00a0 taraf\u0131ndan i\u015fletilen elektronik ticaret platformlar\u0131n\u0131n web sitesi veya mobil uygulamas\u0131nda yer alan KVK Kanunu madde 13 uyar\u0131nca d\u00fczenlenen \u201cBa\u015fvuru Formu\u201d\u2019nda belirtilen y\u00f6ntemlerle ba\u015fvurunuzu yapabilir ve haklar\u0131n\u0131z\u0131 kullanabilirsiniz.<\/li>\r\n<\/ul>\r\n\r\n\r\n\r\n<h2 class=\"wp-block-heading\">Size Ait bilgileri kime g\u00f6nderiyrouz<\/h2>\r\n\r\n\r\n\r\n<p>sitemizde kay\u0131tl\u0131 bilgileri talebi halinde vergi dairelerine, mahkemelere, polise ve firma haklar\u0131m\u0131z\u0131 savunmak amac\u0131yla avukat\u0131m\u0131za ve \u015firket yetkililerimize, sat\u0131\u015f personelimize verebiliriz. Bu bilgilerin tamam\u0131n\u0131 yasal olmak kayd\u0131yla yukar\u0131da sayd\u0131\u011f\u0131m\u0131z kurumlar haricinde arama motorlar\u0131nda, \u00fcr\u00fcn tedariki yapt\u0131\u011f\u0131m\u0131z \u00fcreticilerde ve reklamlar\u0131m\u0131zda kullanaibliriz. Bu konuyla ilgili bilgilerinizin kullan\u0131lmas\u0131n\u0131 istemiyorsan\u0131z l\u00fctfen yaz\u0131l\u0131 olarka taraf\u0131m\u0131za bunu bildiriniz.<\/p>\r\n","protected":false},"excerpt":{"rendered":"<p>Biz Kimiz Atakale invert\u00f6r tamir bak\u0131m onar\u0131m merkezi ile iglili firmam\u0131z hakk\u0131nda bilgi alabilirsiniz: https:\/\/www.inverter.com.tr. Yorumlar Hakk\u0131m\u0131zdaki yorumlar ve yorum yazma iste\u011finiz:\u00a0\u00a0Sitemize giren t\u00fcm ziyaret\u00e7ilerimizin IP adresleri kaydedilmektedir. Yapm\u0131\u015f oldu\u011funuz yorumlar aramalar ve sayfalar\u0131m\u0131zla ilgili gezmi\u015f oldu\u011funuz yerler kaydedilmektedir. Bu bilgileri ticari ve istatistiki bilgi olarak taraf\u0131m\u0131zdan kullan\u0131lmakta, arama motorlar\u0131 taraf\u0131ndan payla\u015f\u0131lmaktad\u0131r. Sayfam\u0131za yapt\u0131\u011f\u0131n\u0131z her [&hellip;]<\/p>\n","protected":false},"author":1,"featured_media":0,"parent":0,"menu_order":0,"comment_status":"closed","ping_status":"open","template":"","meta":{"_regular_price":[],"currency_symbol":[],"_monsterinsights_skip_tracking":false,"_monsterinsights_sitenote_active":false,"_monsterinsights_sitenote_note":"","_monsterinsights_sitenote_category":0,"spay_email":"","footnotes":""},"class_list":["post-3","page","type-page","status-publish","hentry"],"post_slider_layout_featured_media_urls":{"thumbnail":"","post_slider_layout_landscape_large":"","post_slider_layout_portrait_large":"","post_slider_layout_square_large":"","post_slider_layout_landscape":"","post_slider_layout_portrait":"","post_slider_layout_square":"","full":""},"jetpack-related-posts":[{"id":225,"url":"http:\/\/www.inverter.com.tr\/?page_id=225","url_meta":{"origin":3,"position":0},"title":"On-Grid \u0130nvert\u00f6r Tamiri","date":"01\/05\/2017","format":false,"excerpt":"[vc_row][vc_column][rev_slider_vc alias=\"home-slider-2\"][\/vc_column][\/vc_row][vc_section css=\".vc_custom_1493652663971{padding-bottom: 40px !important;background-image: url(https:\/\/www.inverter.com.tr\/wp-content\/uploads\/2017\/05\/bg-02-11.jpg?id=229) !important;}\"][vc_row css_animation=\"none\"][vc_column][comrepair_section_heading decoration=\"decor-2\"] on-grid Servislerimiz Binlerce memnun m\u00fc\u015fteri p\u00f6rtf\u00f6y\u00fcm\u00fcz [\/comrepair_section_heading][comrepair_services_carousel posts_per_page=\"All\" more_link_text=\"Learn More\"][vc_column_text] T\u00fcm Servislerimizi G\u00f6r\u00fcn [\/vc_column_text][\/vc_column][\/vc_row][\/vc_section][vc_section css=\".vc_custom_1493628860262{padding-top: 0px !important;padding-bottom: 0px !important;background-color: #f5f5f5 !important;}\"][vc_row css_animation=\"none\"][vc_column][comrepair_text_image image_id=\"2086\"][vc_empty_space height=\"55\" el_class=\"hidden-xs hidden-sm\"][comrepair_section_heading decoration=\"decor-1\" css=\".vc_custom_1624562521129{padding-top: 0px !important;}\"] on-grid invert\u00f6r servisimiz Sundu\u011fumz hizmetler ve fark\u0131m\u0131z [\/comrepair_section_heading][vc_column_text] 1. On-Grid \u0130nvert\u00f6r\u2026","rel":"","context":"Benzer yaz\u0131","img":{"alt_text":"","src":"","width":0,"height":0},"classes":[]},{"id":351,"url":"http:\/\/www.inverter.com.tr\/?page_id=351","url_meta":{"origin":3,"position":1},"title":"Off-Grid \u0130nverter Tamiri","date":"07\/05\/2017","format":false,"excerpt":"[vc_row full_width=\"stretch_row_content_no_spaces\"][vc_column css=\".vc_custom_1507831981067{padding-right: 0px !important;padding-left: 0px !important;}\"][rev_slider_vc alias=\"home-slider-4\" el_class=\"mb-0\"][\/vc_column][\/vc_row][vc_section css=\".vc_custom_1507832472691{padding-top: 40px !important;padding-bottom: 25px !important;background-color: #f5f5f5 !important;}\"][vc_row][vc_column width=\"1\/3\" css=\".vc_custom_1507832317205{margin-bottom: 30px !important;}\"][vc_column_text css=\".vc_custom_1624390490615{margin-bottom: 0px !important;}\"] Ak\u0131ll\u0131 \u0130nvert\u00f6r Tamiri Ak\u0131ll\u0131 \u0130nvert\u00f6rler kullan\u0131l\u0131rken olu\u015facak t\u00fcm ar\u0131zalar\u0131, yakla\u015f\u0131k tamir \u00fccretlerini, \u00e7\u00f6z\u00fcmleri, uygulaman\u0131za g\u00f6re \u00f6zel parametre giri\u015fleri ile ilgili t\u00fcm arad\u0131klar\u0131n\u0131z\u0131 sitemizde[\/vc_column_text][\/vc_column][vc_column width=\"1\/3\" css=\".vc_custom_1507832326502{margin-bottom: 30px !important;}\"][vc_column_text\u2026","rel":"","context":"Benzer yaz\u0131","img":{"alt_text":"","src":"","width":0,"height":0},"classes":[]},{"id":34,"url":"http:\/\/www.inverter.com.tr\/","url_meta":{"origin":3,"position":2},"title":"Atakale Kurumsal","date":"28\/04\/2017","format":false,"excerpt":"[vc_row full_width=\"stretch_row\"][vc_column width=\"5\/6\"][rev_slider_vc alias=\"home-slider-3\"][\/vc_column][vc_column width=\"1\/6\"][\/vc_column][\/vc_row][vc_section css=\".vc_custom_1493375775698{background-image: url(https:\/\/www.inverter.com.tr\/wp-content\/uploads\/2017\/04\/pexels-photo-320517-bg.jpg?id=106) !important;}\"][vc_row][vc_column][comrepair_section_heading decoration=\"decor-1\"] invert\u00f6r Servisi tamiri Binlerce Memnun M\u00fc\u015fteri [\/comrepair_section_heading][\/vc_column][\/vc_row][vc_row][vc_column][comrepair_services_carousel posts_per_page=\"6\" autoplay_timeout=\"0\" more_link_text=\"Devam\u0131n\u0131 Oku\"][\/vc_column][\/vc_row][\/vc_section][vc_section css=\".vc_custom_1491950498217{padding-bottom: 0px !important;}\"][vc_row][vc_column][comrepair_section_heading decoration=\"decor-1\"] HAKKIMIZDA Firmam\u0131z her zaman AR-GE ye \u00f6nem vermi\u015f, \u015firket i\u00e7i e\u011fitimlerinde \u00f6rnek olmu\u015ftur. Uluslararas\u0131 geli\u015fmeleri ve en yeni \u00fcr\u00fcnleri \u00dclkemizde uygulama konusunda hep ilklere imza atm\u0131\u015ft\u0131r.\u2026","rel":"","context":"Benzer yaz\u0131","img":{"alt_text":"","src":"","width":0,"height":0},"classes":[]},{"id":1728,"url":"http:\/\/www.inverter.com.tr\/?page_id=1728","url_meta":{"origin":3,"position":3},"title":"\u0130leti\u015fim","date":"05\/09\/2018","format":false,"excerpt":"[vc_row full_width=\"stretch_row_content\" css=\".vc_custom_1506708727363{margin-top: 60px !important;}\"][vc_column width=\"1\/3\" offset=\"vc_col-md-offset-1 vc_col-md-3\"][vc_column_text] Ankara OST\u0130M Labaratuvar\u0131 Adres \u00c7aml\u0131ca\u00a0 M. 147. Cad 4\/I Yenimahalle Ankara,06200 Phones +90 312 425-22-00 +90 312 425-21-22 Email bilgi@inverter.com.tr[\/vc_column_text][\/vc_column][vc_column width=\"2\/3\"][vc_gmaps link=\"#E-8_JTIwJTNDaWZyYW1lJTIwc3JjJTNEJTIyaHR0cHMlM0ElMkYlMkZ3d3cuZ29vZ2xlLmNvbSUyRm1hcHMlMkZlbWJlZCUzRnBiJTNEJTIxMW0xOCUyMTFtMTIlMjExbTMlMjExZDMwNTguMjM2NzA5MTQ3MzA0MyUyMTJkMzIuNzcyMjg5NjU2MjY5MjglMjEzZDM5Ljk1ODQ2MDExMjE5OTkxNiUyMTJtMyUyMTFmMCUyMTJmMCUyMTNmMCUyMTNtMiUyMTFpMTAyNCUyMTJpNzY4JTIxNGYxMy4xJTIxM20zJTIxMW0yJTIxMXMweDE0ZDM0OTBmYzg4NDM0Y2QlMjUzQTB4M2I1NzY4ZmVmMmU2NmE1YiUyMTJzJTI1QzMlMjU4N2FtbCUyNUM0JTI1QjFjYSUyNTJDJTI1MjAxNDcuJTI1MjBTayUyNTIwTm8lMjUzQTQlMjUyQyUyNTIwMDYyMDAlMjUyMFllbmltYWhhbGxlJTI1MkZBbmthcmElMjE1ZTAlMjEzbTIlMjExc2VuJTIxMnN0ciUyMTR2MTU5NjI4NDI4MTU1MCUyMTVtMiUyMTFzZW4lMjEyc3RyJTIyJTIwc3R5bGUlM0QlMjJib3JkZXIlM0EwJTNCJTIyJTIwYWxsb3dmdWxsc2NyZWVuJTNEJTIyJTIyJTIwYXJpYS1oaWRkZW4lM0QlMjJmYWxzZSUyMiUyMHRhYmluZGV4JTNEJTIyMCUyMiUyMHdpZHRoJTNEJTIyNjAwJTIyJTIwaGVpZ2h0JTNEJTIyNDUwJTIyJTIwZnJhbWVib3JkZXIlM0QlMjIwJTIyJTNFJTNDJTJGaWZyYW1lJTNF\" size=\"400\" css_animation=\"fadeIn\" css=\".vc_custom_1627127219541{margin-bottom: 0px !important;background-color: #f7f7f7 !important;}\" title=\"invert\u00f6r test merkezi\"][\/vc_column][\/vc_row][vc_row css=\".vc_custom_1536162275948{margin-top: 60px !important;background-color: #f5f5f5 !important;}\" el_id=\"contact-form-row\"][vc_column][comrepair_text_image image_id=\"206\"][vc_empty_space height=\"20\" el_class=\"hidden-xs hidden-sm\"][vc_empty_space\u2026","rel":"","context":"Benzer yaz\u0131","img":{"alt_text":"","src":"","width":0,"height":0},"classes":[]},{"id":1688,"url":"http:\/\/www.inverter.com.tr\/?page_id=1688","url_meta":{"origin":3,"position":4},"title":"ATAKALE ELEKTRON\u0130K K\u0130MD\u0130R","date":"28\/04\/2017","format":false,"excerpt":"[vc_row css=\".vc_custom_1494332326937{padding-top: 100px !important;padding-bottom: 100px !important;background-image: url(https:\/\/www.inverter.com.tr\/wp-content\/uploads\/2017\/04\/board-463968_1920-2.jpg?id=478) !important;background-position: center !important;background-repeat: no-repeat !important;background-size: cover !important;}\"][vc_column][vc_column_text] Bizi di\u011ferlerinden ay\u0131ran 3 Fark\u0131m\u0131z [\/vc_column_text][\/vc_column][\/vc_row][vc_section][vc_row][vc_column offset=\"vc_col-md-offset-2 vc_col-md-8\"][comrepair_section_heading] 1. 25 Senelik Tecr\u00fcbemiz VAR Inverter Markal\u0131 firmam\u0131z 1997 y\u0131l\u0131nda Ankarada 3 gen\u00e7 Elektronik M\u00fchendisi taraf\u0131ndan kuruldu. 1997 Y\u0131l\u0131nda Ankara da , 3 Gen\u00e7 Elektrik-Elektornik M\u00fchendisinin ortak giri\u015fimiyle\u2026","rel":"","context":"Benzer yaz\u0131","img":{"alt_text":"","src":"","width":0,"height":0},"classes":[]},{"id":254,"url":"http:\/\/www.inverter.com.tr\/?page_id=254","url_meta":{"origin":3,"position":5},"title":"Yapt\u0131\u011f\u0131m\u0131z \u0130\u015fler","date":"05\/05\/2017","format":false,"excerpt":"[vc_row][vc_column][rev_slider_vc alias=\"home-slider-3\"][\/vc_column][\/vc_row][vc_section css=\".vc_custom_1493915369115{padding-bottom: 40px !important;}\"][vc_row][vc_column offset=\"vc_col-md-offset-2 vc_col-md-8\"][comrepair_section_heading decoration=\"decor-1\"] YAPTI\u011eIMIZ \u0130\u015eLER Atakale Elektronik Solar \u0130nvert\u00f6r, \u015earj Cihaz\u0131 ,Solar Motor S\u00fcr\u00fcc\u00fc \u00fcr\u00fcnlerinin tamirini yapt\u0131\u011f\u0131 gibi, Komponent, \u0130nvert\u00f6r Kart\u0131,Sarf \u00fcr\u00fcnleri ve yedek par\u00e7a sat\u0131\u015f\u0131n\u0131da yapmkatad\u0131r. Ayd\u0131nlatma, flexible, \u00f6zel \u015fekilli g\u00fcne\u015f paneli imalat\u0131, LifePo4 BMS kart tamiri ve BMS imalat\u0131 konular\u0131nda da faaliyet g\u00f6stermektedir.\u2026","rel":"","context":"Benzer yaz\u0131","img":{"alt_text":"","src":"","width":0,"height":0},"classes":[]}],"_links":{"self":[{"href":"http:\/\/www.inverter.com.tr\/index.php?rest_route=\/wp\/v2\/pages\/3","targetHints":{"allow":["GET"]}}],"collection":[{"href":"http:\/\/www.inverter.com.tr\/index.php?rest_route=\/wp\/v2\/pages"}],"about":[{"href":"http:\/\/www.inverter.com.tr\/index.php?rest_route=\/wp\/v2\/types\/page"}],"author":[{"embeddable":true,"href":"http:\/\/www.inverter.com.tr\/index.php?rest_route=\/wp\/v2\/users\/1"}],"replies":[{"embeddable":true,"href":"http:\/\/www.inverter.com.tr\/index.php?rest_route=%2Fwp%2Fv2%2Fcomments&post=3"}],"version-history":[{"count":3,"href":"http:\/\/www.inverter.com.tr\/index.php?rest_route=\/wp\/v2\/pages\/3\/revisions"}],"predecessor-version":[{"id":2068,"href":"http:\/\/www.inverter.com.tr\/index.php?rest_route=\/wp\/v2\/pages\/3\/revisions\/2068"}],"wp:attachment":[{"href":"http:\/\/www.inverter.com.tr\/index.php?rest_route=%2Fwp%2Fv2%2Fmedia&parent=3"}],"curies":[{"name":"wp","href":"https:\/\/api.w.org\/{rel}","templated":true}]}}