{"id":254,"date":"2017-05-05T13:48:24","date_gmt":"2017-05-05T13:48:24","guid":{"rendered":"https:\/\/demo.brothersthemes.com\/comrepair\/?page_id=254"},"modified":"2021-07-24T09:31:50","modified_gmt":"2021-07-24T06:31:50","slug":"home-3","status":"publish","type":"page","link":"http:\/\/www.inverter.com.tr\/?page_id=254","title":{"rendered":"Yapt\u0131\u011f\u0131m\u0131z \u0130\u015fler"},"content":{"rendered":"<p>[vc_row][vc_column][rev_slider_vc alias=&#8221;home-slider-3&#8243;][\/vc_column][\/vc_row][vc_section css=&#8221;.vc_custom_1493915369115{padding-bottom: 40px !important;}&#8221;][vc_row][vc_column offset=&#8221;vc_col-md-offset-2 vc_col-md-8&#8243;][comrepair_section_heading decoration=&#8221;decor-1&#8243;]<\/p>\n<h4 class=\"text-uppercase\" style=\"text-align: center;\">YAPTI\u011eIMIZ \u0130\u015eLER<\/h4>\n<p class=\"lead\" style=\"text-align: center;\">Atakale Elektronik Solar \u0130nvert\u00f6r, \u015earj Cihaz\u0131 ,Solar Motor S\u00fcr\u00fcc\u00fc \u00fcr\u00fcnlerinin tamirini yapt\u0131\u011f\u0131 gibi, Komponent, \u0130nvert\u00f6r Kart\u0131,Sarf \u00fcr\u00fcnleri ve yedek par\u00e7a sat\u0131\u015f\u0131n\u0131da yapmkatad\u0131r. Ayd\u0131nlatma, flexible, \u00f6zel \u015fekilli g\u00fcne\u015f paneli imalat\u0131, LifePo4 BMS kart tamiri ve BMS imalat\u0131 konular\u0131nda da faaliyet g\u00f6stermektedir.<\/p>\n<p>[\/comrepair_section_heading][\/vc_column][\/vc_row][vc_row][vc_column width=&#8221;1\/3&#8243;][comrepair_feature_box style=&#8221;style-2&#8243; icon_font=&#8221;themify&#8221; icon_themify=&#8221;ti-settings&#8221;]<\/p>\n<h4>\u0130nvert\u00f6r,\u015earj Kontrol,Motor S\u00fcr\u00fcc\u00fc&#8230; Tamiri<\/h4>\n<p>Firmam\u0131z\u0131n ana i\u015ftigal konusu, \u0130nvert\u00f6r kart tamiri, \u015farj kontrol kart\u0131 servisi, Solar Motor s\u00fcr\u00fcc\u00fc , AC\u00a0 Frekans kontrol\u00a0 invert\u00f6r\u00fc tamiri, G\u00fcne\u015f Paneli tamiri gibi , g\u00fcne\u015f enerji sistemleri konusunda tamirat ve servistir. Ar\u0131zal\u0131 g\u00fcne\u015f paneli, k\u0131r\u0131k g\u00fcne\u015f paneli, Thin Filim, flexbile g\u00fcne\u015f panellerinin tamirat\u0131n\u0131da yapmaktay\u0131z.[\/comrepair_feature_box][\/vc_column][vc_column width=&#8221;1\/3&#8243;][comrepair_feature_box style=&#8221;style-2&#8243; icon_font=&#8221;themify&#8221; icon_themify=&#8221;ti-wallet&#8221;]<\/p>\n<h4>Solar Elektronik Kart Tasar\u0131m\u0131<\/h4>\n<p>Atakale Elektronik ,fotovoltaik g\u00fcne\u015f enerji teknolojisi alan\u0131nda, \u00f6zel ama\u00e7l\u0131i askeri tip , g\u00fcne\u015f takip sistemi, on-grid , off-grid invert\u00f6r tasar\u0131m\u0131, solar ayd\u0131nlatma \u015farj cihazlar\u0131 gibi elektronik kart tasar\u0131mlar\u0131 yapmaktad\u0131r. Projelerinizde, karavanlar\u0131n\u0131zda, otomasyon projelerinde kullanaca\u011f\u0131n\u0131z custom design \u00fcr\u00fcnlerle ilgili proje ekibimiz ve labaratuvar\u0131m\u0131zla hizmet vermekteyiz\u00e7[\/comrepair_feature_box][\/vc_column][vc_column width=&#8221;1\/3&#8243;][comrepair_feature_box style=&#8221;style-2&#8243; icon_font=&#8221;themify&#8221; icon_themify=&#8221;ti-medall&#8221;]<\/p>\n<h4>Dikey R\u00fczgar T\u00fcrbini \u0130malat\u0131<\/h4>\n<p>Karavan,TIR,Tren, Yat, Gemi gibi ara\u00e7larda r\u00fczgardan enerji elde etmek i\u00e7in \u00f6zel tasar\u0131m t\u00fcrbine ,kanat ve \u015farj cihaz\u0131 imalat\u0131 yapmaktay\u0131z. Yurt i\u00e7i ve yurt d\u0131\u015f\u0131 projelerle referans\u0131 olan tek T\u00fcrk firmas\u0131y\u0131z. Atakale Elektronik Karbon fiber, ETFE,polikarbon gibi \u00fcr\u00fcnlerden \u00f6zel r\u00fczgar kanad\u0131 tasarlamakta ve uygulamaktad\u0131r. Kendi tasar\u0131m\u0131 olan mini ,slim r\u00fczgar jenerat\u00f6r\u00fc tasar\u0131mlar\u0131yla \u00fclkemizdeki projelere destk vermektedir.[\/comrepair_feature_box][\/vc_column][\/vc_row][vc_row][vc_column width=&#8221;1\/3&#8243;][comrepair_feature_box style=&#8221;style-2&#8243; icon_font=&#8221;themify&#8221; icon_themify=&#8221;ti-bell&#8221;]<\/p>\n<h4>LifePo4 BMS Tasar\u0131m\u0131<\/h4>\n<p>LifePo4 Solar enerjide gelecek vadeden depolama sistmidir. Atakale elektronik olarak,Standart LifePo4 batarylar\u0131n seri ba\u011flant\u0131s\u0131ndaki zorluklara y\u00f6nelik, \u00f6zel BMS \u00fcretimi yap\u0131lmaktay\u0131z. Jel ak\u00fclerle \u00e7al\u0131\u015ft\u0131rd\u0131\u011f\u0131n\u0131z ve, Lityum Demir Fosfat ak\u00fclere g\u00fcncellemek istedi\u011finiz, elektrikli mtosikler, bisiklet, forklift gibi ara\u00e7lara y\u00f6nelik \u00f6zel 24\/48\/96\/&#8230; Volt BMS ve koruma devresi yapmaktay\u0131z.[\/comrepair_feature_box][\/vc_column][vc_column width=&#8221;1\/3&#8243;][comrepair_feature_box style=&#8221;style-2&#8243; icon_font=&#8221;themify&#8221; icon_themify=&#8221;ti-crown&#8221;]<\/p>\n<h4>Jel Ak\u00fcy\u00fc Atmadan \u00d6nce Des\u00fclfat\u00f6r&#8230;.<\/h4>\n<p>Solar Enerji depolamada en yayg\u0131n kullan\u0131lan Jel Ak\u00fcler, uzun s\u00fcre kullan\u0131lmad\u0131\u011f\u0131nda, tamamen bo\u015f olarak uzun s\u00fcre sakland\u0131\u011f\u0131nda, ve yanl\u0131\u015f \u015farj uygulamalar\u0131ndan dolay\u0131, plakalar s\u00fclfatlanabilir ve ak\u00fc kapasitesi d\u00fc\u015febilir.\u00a0 Jel ak\u00fclerin \u00f6mr\u00fcn\u00fc uzatmak, tekrar kullan\u0131ma sunmak i\u00e7in Des\u00fclfat\u00f6r devreler kullan\u0131l\u0131r. Atakale Jel ak\u00fcn\u00fcz\u00fcn tamirinin ve servisini yapmaktad\u0131r[\/comrepair_feature_box][\/vc_column][vc_column width=&#8221;1\/3&#8243;][comrepair_feature_box style=&#8221;style-2&#8243; icon_font=&#8221;themify&#8221; icon_themify=&#8221;ti-alert&#8221;]<\/p>\n<h4>Kart Kompanent Yedek Par\u00e7a Sat\u0131\u015f\u0131<\/h4>\n<p>Atakale Elektronik, yayg\u0131n t\u00fcm Ak\u0131ll\u0131 \u0130nvert\u00f6r, On-Grid invert\u00f6r, \u015farj cihaz\u0131, Combiner Box, Connection Box Solar h\u00fccre, sigorta gibi bir \u00e7ok yedek par\u00e7a elektronik kart sat\u0131\u015f\u0131n\u0131 yapmaktad\u0131r. Yerel tamir ve servislere bu yedek par\u00e7alar\u0131 en h\u0131zl\u0131 ve uygun fiyatl\u0131 olarak sat\u0131\u015fa sunmaktad\u0131r.[\/comrepair_feature_box][\/vc_column][\/vc_row][\/vc_section][vc_section css=&#8221;.vc_custom_1494004895677{background-color: #f5f5f5 !important;}&#8221;][vc_row][vc_column offset=&#8221;vc_col-md-offset-2 vc_col-md-8&#8243;][comrepair_section_heading decoration=&#8221;decor-1&#8243;]<\/p>\n<h4 class=\"text-uppercase\" style=\"text-align: center;\">Servis ve geri d\u00f6n\u00fc\u015f\u00fcm<\/h4>\n<p>Atakale Elektronik\u00a0 hurdaya ay\u0131rd\u0131\u011f\u0131n\u0131z, g\u00fcne\u015f enerji sistemlerini geri d\u00f6n\u00fc\u015f\u00fcm at\u0131k de\u011ferlendirme at\u00f6lyesinde ekonomiye tekrar kazand\u0131rmaktad\u0131r. Geri d\u00f6n\u00fc\u015f\u00fcm birimizle irtibata ge\u00e7erek elinizdek bu \u00fcr\u00fcnlerden kazan\u00e7l\u0131 \u00e7\u0131kabilirsiniz[\/comrepair_section_heading][\/vc_column][\/vc_row][vc_row][vc_column][comrepair_services_carousel posts_per_page=&#8221;All&#8221; more_link_text=&#8221;Learn more&#8221;][\/vc_column][\/vc_row][\/vc_section][vc_section content_placement=&#8221;middle&#8221; el_class=&#8221;bg-secondary&#8221; css=&#8221;.vc_custom_1494376717929{padding-top: 30px !important;padding-bottom: 30px !important;background-image: url(https:\/\/www.inverter.com.tr\/wp-content\/uploads\/2017\/05\/bg-3-03.jpg?id=456) !important;background-position: center !important;background-repeat: no-repeat !important;background-size: cover !important;}&#8221;][vc_row content_placement=&#8221;middle&#8221; css=&#8221;.vc_custom_1494376724729{background-position: center !important;background-repeat: no-repeat !important;background-size: contain !important;}&#8221;][vc_column width=&#8221;2\/3&#8243;][vc_column_text]<\/p>\n<h1 class=\"text-white\">Biz Sadece Tamir Etmiyoruz, Ayn\u0131 zamanda sat\u0131yoruz<\/h1>\n<p>&nbsp;<\/p>\n<p class=\"text-white\">Atakale Elektronik ten solar enerji ile iglili t\u00fcm \u00fcr\u00fcn ve projeleri temin edebiliriniz<\/p>\n<p><a class=\"btn btn-primary btn-rounded btn-large\" style=\"margin-top: 10px;\" href=\"http:\/\/www.atakale.com.tr\">www.atakale.com.tr<\/a>[\/vc_column_text][\/vc_column][vc_column width=&#8221;1\/3&#8243; offset=&#8221;vc_hidden-sm vc_hidden-xs&#8221;][vc_single_image image=&#8221;1958&#8243; img_size=&#8221;full&#8221; css_animation=&#8221;none&#8221; css=&#8221;.vc_custom_1625174299832{margin-bottom: 0px !important;}&#8221;][\/vc_column][\/vc_row][\/vc_section][vc_section css=&#8221;.vc_custom_1493992932692{background-image: url(https:\/\/www.inverter.com.tr\/wp-content\/uploads\/2017\/05\/bg-light-01.png?id=263) !important;background-position: center !important;background-repeat: no-repeat !important;background-size: contain !important;}&#8221;][vc_row][vc_column][comrepair_section_heading decoration=&#8221;decor-1&#8243;]<\/p>\n<h4 class=\"text-uppercase\" style=\"text-align: center;\">M\u00dc\u015eTER\u0130LER HAKKIMIZDA NE S\u00d6YLED\u0130LER<\/h4>\n<p style=\"text-align: center;\"><em>Binlerce memnun m\u00fc\u015fteri<\/em><\/p>\n<p>[\/comrepair_section_heading][comrepair_testimonials_carousel posts_per_page=&#8221;All&#8221;][\/vc_column][\/vc_row][\/vc_section][vc_section css=&#8221;.vc_custom_1494005768467{background: #f5f5f5 url(https:\/\/www.inverter.com.tr\/wp-content\/uploads\/2017\/04\/pexels-photo-320517-bg.jpg?id=106) !important;background-position: center !important;background-repeat: no-repeat !important;background-size: cover !important;}&#8221;][vc_row][vc_column][comrepair_section_heading decoration=&#8221;decor-1&#8243;]<\/p>\n<h4 class=\"text-uppercase\" style=\"text-align: center;\">\u015e\u0130RKET HABERLER\u0130<\/h4>\n<p style=\"text-align: center;\"><em>Solar Enerji konusundaki yeniliklerle ilgili son haberleri bu sayfalardan takip edebilirsiniz<\/em><\/p>\n<p>[\/comrepair_section_heading][comrepair_posts_feed][\/vc_column][\/vc_row][\/vc_section][vc_section css=&#8221;.vc_custom_1493989419484{padding-top: 0px !important;padding-bottom: 0px !important;}&#8221;][vc_row el_class=&#8221;bg-secondary&#8221;][vc_column][comrepair_cta style=&#8221;horizontal&#8221; button_text=&#8221;Sipari\u015finizi Girebilirsiniz&#8221;]<\/p>\n<h2>G\u00fcne\u015f Enerji sisteminiz sizi \u00fczmesin !<\/h2>\n<p>Yeni bir tane almakla ayn\u0131d\u0131r ,iyi bir sevis[\/comrepair_cta][\/vc_column][\/vc_row][\/vc_section]<\/p>\n","protected":false},"excerpt":{"rendered":"<p>[vc_row][vc_column][rev_slider_vc alias=&#8221;home-slider-3&#8243;][\/vc_column][\/vc_row][vc_section css=&#8221;.vc_custom_1493915369115{padding-bottom: 40px !important;}&#8221;][vc_row][vc_column offset=&#8221;vc_col-md-offset-2 vc_col-md-8&#8243;][comrepair_section_heading decoration=&#8221;decor-1&#8243;] YAPTI\u011eIMIZ \u0130\u015eLER Atakale Elektronik Solar \u0130nvert\u00f6r, \u015earj Cihaz\u0131 ,Solar Motor S\u00fcr\u00fcc\u00fc \u00fcr\u00fcnlerinin tamirini yapt\u0131\u011f\u0131 gibi, Komponent, \u0130nvert\u00f6r Kart\u0131,Sarf \u00fcr\u00fcnleri ve yedek par\u00e7a sat\u0131\u015f\u0131n\u0131da yapmkatad\u0131r. Ayd\u0131nlatma, flexible, \u00f6zel \u015fekilli g\u00fcne\u015f paneli imalat\u0131, LifePo4 BMS kart tamiri ve BMS imalat\u0131 konular\u0131nda da faaliyet g\u00f6stermektedir. [\/comrepair_section_heading][\/vc_column][\/vc_row][vc_row][vc_column width=&#8221;1\/3&#8243;][comrepair_feature_box style=&#8221;style-2&#8243; icon_font=&#8221;themify&#8221; icon_themify=&#8221;ti-settings&#8221;] [&hellip;]<\/p>\n","protected":false},"author":1,"featured_media":0,"parent":0,"menu_order":10,"comment_status":"closed","ping_status":"closed","template":"","meta":{"_regular_price":[],"currency_symbol":[],"_monsterinsights_skip_tracking":false,"_monsterinsights_sitenote_active":false,"_monsterinsights_sitenote_note":"","_monsterinsights_sitenote_category":0,"spay_email":"","footnotes":""},"class_list":["post-254","page","type-page","status-publish","hentry"],"post_slider_layout_featured_media_urls":{"thumbnail":"","post_slider_layout_landscape_large":"","post_slider_layout_portrait_large":"","post_slider_layout_square_large":"","post_slider_layout_landscape":"","post_slider_layout_portrait":"","post_slider_layout_square":"","full":""},"jetpack-related-posts":[{"id":34,"url":"http:\/\/www.inverter.com.tr\/","url_meta":{"origin":254,"position":0},"title":"Atakale Kurumsal","date":"28\/04\/2017","format":false,"excerpt":"[vc_row full_width=\"stretch_row\"][vc_column width=\"5\/6\"][rev_slider_vc alias=\"home-slider-3\"][\/vc_column][vc_column width=\"1\/6\"][\/vc_column][\/vc_row][vc_section css=\".vc_custom_1493375775698{background-image: url(https:\/\/www.inverter.com.tr\/wp-content\/uploads\/2017\/04\/pexels-photo-320517-bg.jpg?id=106) !important;}\"][vc_row][vc_column][comrepair_section_heading decoration=\"decor-1\"] invert\u00f6r Servisi tamiri Binlerce Memnun M\u00fc\u015fteri [\/comrepair_section_heading][\/vc_column][\/vc_row][vc_row][vc_column][comrepair_services_carousel posts_per_page=\"6\" autoplay_timeout=\"0\" more_link_text=\"Devam\u0131n\u0131 Oku\"][\/vc_column][\/vc_row][\/vc_section][vc_section css=\".vc_custom_1491950498217{padding-bottom: 0px !important;}\"][vc_row][vc_column][comrepair_section_heading decoration=\"decor-1\"] HAKKIMIZDA Firmam\u0131z her zaman AR-GE ye \u00f6nem vermi\u015f, \u015firket i\u00e7i e\u011fitimlerinde \u00f6rnek olmu\u015ftur. Uluslararas\u0131 geli\u015fmeleri ve en yeni \u00fcr\u00fcnleri \u00dclkemizde uygulama konusunda hep ilklere imza atm\u0131\u015ft\u0131r.\u2026","rel":"","context":"Benzer yaz\u0131","img":{"alt_text":"","src":"","width":0,"height":0},"classes":[]},{"id":225,"url":"http:\/\/www.inverter.com.tr\/?page_id=225","url_meta":{"origin":254,"position":1},"title":"On-Grid \u0130nvert\u00f6r Tamiri","date":"01\/05\/2017","format":false,"excerpt":"[vc_row][vc_column][rev_slider_vc alias=\"home-slider-2\"][\/vc_column][\/vc_row][vc_section css=\".vc_custom_1493652663971{padding-bottom: 40px !important;background-image: url(https:\/\/www.inverter.com.tr\/wp-content\/uploads\/2017\/05\/bg-02-11.jpg?id=229) !important;}\"][vc_row css_animation=\"none\"][vc_column][comrepair_section_heading decoration=\"decor-2\"] on-grid Servislerimiz Binlerce memnun m\u00fc\u015fteri p\u00f6rtf\u00f6y\u00fcm\u00fcz [\/comrepair_section_heading][comrepair_services_carousel posts_per_page=\"All\" more_link_text=\"Learn More\"][vc_column_text] T\u00fcm Servislerimizi G\u00f6r\u00fcn [\/vc_column_text][\/vc_column][\/vc_row][\/vc_section][vc_section css=\".vc_custom_1493628860262{padding-top: 0px !important;padding-bottom: 0px !important;background-color: #f5f5f5 !important;}\"][vc_row css_animation=\"none\"][vc_column][comrepair_text_image image_id=\"2086\"][vc_empty_space height=\"55\" el_class=\"hidden-xs hidden-sm\"][comrepair_section_heading decoration=\"decor-1\" css=\".vc_custom_1624562521129{padding-top: 0px !important;}\"] on-grid invert\u00f6r servisimiz Sundu\u011fumz hizmetler ve fark\u0131m\u0131z [\/comrepair_section_heading][vc_column_text] 1. On-Grid \u0130nvert\u00f6r\u2026","rel":"","context":"Benzer yaz\u0131","img":{"alt_text":"","src":"","width":0,"height":0},"classes":[]},{"id":351,"url":"http:\/\/www.inverter.com.tr\/?page_id=351","url_meta":{"origin":254,"position":2},"title":"Off-Grid \u0130nverter Tamiri","date":"07\/05\/2017","format":false,"excerpt":"[vc_row full_width=\"stretch_row_content_no_spaces\"][vc_column css=\".vc_custom_1507831981067{padding-right: 0px !important;padding-left: 0px !important;}\"][rev_slider_vc alias=\"home-slider-4\" el_class=\"mb-0\"][\/vc_column][\/vc_row][vc_section css=\".vc_custom_1507832472691{padding-top: 40px !important;padding-bottom: 25px !important;background-color: #f5f5f5 !important;}\"][vc_row][vc_column width=\"1\/3\" css=\".vc_custom_1507832317205{margin-bottom: 30px !important;}\"][vc_column_text css=\".vc_custom_1624390490615{margin-bottom: 0px !important;}\"] Ak\u0131ll\u0131 \u0130nvert\u00f6r Tamiri Ak\u0131ll\u0131 \u0130nvert\u00f6rler kullan\u0131l\u0131rken olu\u015facak t\u00fcm ar\u0131zalar\u0131, yakla\u015f\u0131k tamir \u00fccretlerini, \u00e7\u00f6z\u00fcmleri, uygulaman\u0131za g\u00f6re \u00f6zel parametre giri\u015fleri ile ilgili t\u00fcm arad\u0131klar\u0131n\u0131z\u0131 sitemizde[\/vc_column_text][\/vc_column][vc_column width=\"1\/3\" css=\".vc_custom_1507832326502{margin-bottom: 30px !important;}\"][vc_column_text\u2026","rel":"","context":"Benzer yaz\u0131","img":{"alt_text":"","src":"","width":0,"height":0},"classes":[]},{"id":1688,"url":"http:\/\/www.inverter.com.tr\/?page_id=1688","url_meta":{"origin":254,"position":3},"title":"ATAKALE ELEKTRON\u0130K K\u0130MD\u0130R","date":"28\/04\/2017","format":false,"excerpt":"[vc_row css=\".vc_custom_1494332326937{padding-top: 100px !important;padding-bottom: 100px !important;background-image: url(https:\/\/www.inverter.com.tr\/wp-content\/uploads\/2017\/04\/board-463968_1920-2.jpg?id=478) !important;background-position: center !important;background-repeat: no-repeat !important;background-size: cover !important;}\"][vc_column][vc_column_text] Bizi di\u011ferlerinden ay\u0131ran 3 Fark\u0131m\u0131z [\/vc_column_text][\/vc_column][\/vc_row][vc_section][vc_row][vc_column offset=\"vc_col-md-offset-2 vc_col-md-8\"][comrepair_section_heading] 1. 25 Senelik Tecr\u00fcbemiz VAR Inverter Markal\u0131 firmam\u0131z 1997 y\u0131l\u0131nda Ankarada 3 gen\u00e7 Elektronik M\u00fchendisi taraf\u0131ndan kuruldu. 1997 Y\u0131l\u0131nda Ankara da , 3 Gen\u00e7 Elektrik-Elektornik M\u00fchendisinin ortak giri\u015fimiyle\u2026","rel":"","context":"Benzer yaz\u0131","img":{"alt_text":"","src":"","width":0,"height":0},"classes":[]},{"id":3,"url":"http:\/\/www.inverter.com.tr\/?page_id=3","url_meta":{"origin":254,"position":4},"title":"Gizlilik ve G\u00fcvenlik Politikam\u0131z","date":"15\/06\/2021","format":false,"excerpt":"Biz Kimiz Atakale invert\u00f6r tamir bak\u0131m onar\u0131m merkezi ile iglili firmam\u0131z hakk\u0131nda bilgi alabilirsiniz: https:\/\/www.inverter.com.tr. Yorumlar Hakk\u0131m\u0131zdaki yorumlar ve yorum yazma iste\u011finiz:\u00a0\u00a0Sitemize giren t\u00fcm ziyaret\u00e7ilerimizin IP adresleri kaydedilmektedir. Yapm\u0131\u015f oldu\u011funuz yorumlar aramalar ve sayfalar\u0131m\u0131zla ilgili gezmi\u015f oldu\u011funuz yerler kaydedilmektedir. Bu bilgileri ticari ve istatistiki bilgi olarak taraf\u0131m\u0131zdan kullan\u0131lmakta, arama motorlar\u0131\u2026","rel":"","context":"Benzer yaz\u0131","img":{"alt_text":"","src":"","width":0,"height":0},"classes":[]},{"id":1728,"url":"http:\/\/www.inverter.com.tr\/?page_id=1728","url_meta":{"origin":254,"position":5},"title":"\u0130leti\u015fim","date":"05\/09\/2018","format":false,"excerpt":"[vc_row full_width=\"stretch_row_content\" css=\".vc_custom_1506708727363{margin-top: 60px !important;}\"][vc_column width=\"1\/3\" offset=\"vc_col-md-offset-1 vc_col-md-3\"][vc_column_text] Ankara OST\u0130M Labaratuvar\u0131 Adres \u00c7aml\u0131ca\u00a0 M. 147. Cad 4\/I Yenimahalle Ankara,06200 Phones +90 312 425-22-00 +90 312 425-21-22 Email bilgi@inverter.com.tr[\/vc_column_text][\/vc_column][vc_column width=\"2\/3\"][vc_gmaps link=\"#E-8_JTIwJTNDaWZyYW1lJTIwc3JjJTNEJTIyaHR0cHMlM0ElMkYlMkZ3d3cuZ29vZ2xlLmNvbSUyRm1hcHMlMkZlbWJlZCUzRnBiJTNEJTIxMW0xOCUyMTFtMTIlMjExbTMlMjExZDMwNTguMjM2NzA5MTQ3MzA0MyUyMTJkMzIuNzcyMjg5NjU2MjY5MjglMjEzZDM5Ljk1ODQ2MDExMjE5OTkxNiUyMTJtMyUyMTFmMCUyMTJmMCUyMTNmMCUyMTNtMiUyMTFpMTAyNCUyMTJpNzY4JTIxNGYxMy4xJTIxM20zJTIxMW0yJTIxMXMweDE0ZDM0OTBmYzg4NDM0Y2QlMjUzQTB4M2I1NzY4ZmVmMmU2NmE1YiUyMTJzJTI1QzMlMjU4N2FtbCUyNUM0JTI1QjFjYSUyNTJDJTI1MjAxNDcuJTI1MjBTayUyNTIwTm8lMjUzQTQlMjUyQyUyNTIwMDYyMDAlMjUyMFllbmltYWhhbGxlJTI1MkZBbmthcmElMjE1ZTAlMjEzbTIlMjExc2VuJTIxMnN0ciUyMTR2MTU5NjI4NDI4MTU1MCUyMTVtMiUyMTFzZW4lMjEyc3RyJTIyJTIwc3R5bGUlM0QlMjJib3JkZXIlM0EwJTNCJTIyJTIwYWxsb3dmdWxsc2NyZWVuJTNEJTIyJTIyJTIwYXJpYS1oaWRkZW4lM0QlMjJmYWxzZSUyMiUyMHRhYmluZGV4JTNEJTIyMCUyMiUyMHdpZHRoJTNEJTIyNjAwJTIyJTIwaGVpZ2h0JTNEJTIyNDUwJTIyJTIwZnJhbWVib3JkZXIlM0QlMjIwJTIyJTNFJTNDJTJGaWZyYW1lJTNF\" size=\"400\" css_animation=\"fadeIn\" css=\".vc_custom_1627127219541{margin-bottom: 0px !important;background-color: #f7f7f7 !important;}\" title=\"invert\u00f6r test merkezi\"][\/vc_column][\/vc_row][vc_row css=\".vc_custom_1536162275948{margin-top: 60px !important;background-color: #f5f5f5 !important;}\" el_id=\"contact-form-row\"][vc_column][comrepair_text_image image_id=\"206\"][vc_empty_space height=\"20\" el_class=\"hidden-xs hidden-sm\"][vc_empty_space\u2026","rel":"","context":"Benzer yaz\u0131","img":{"alt_text":"","src":"","width":0,"height":0},"classes":[]}],"_links":{"self":[{"href":"http:\/\/www.inverter.com.tr\/index.php?rest_route=\/wp\/v2\/pages\/254","targetHints":{"allow":["GET"]}}],"collection":[{"href":"http:\/\/www.inverter.com.tr\/index.php?rest_route=\/wp\/v2\/pages"}],"about":[{"href":"http:\/\/www.inverter.com.tr\/index.php?rest_route=\/wp\/v2\/types\/page"}],"author":[{"embeddable":true,"href":"http:\/\/www.inverter.com.tr\/index.php?rest_route=\/wp\/v2\/users\/1"}],"replies":[{"embeddable":true,"href":"http:\/\/www.inverter.com.tr\/index.php?rest_route=%2Fwp%2Fv2%2Fcomments&post=254"}],"version-history":[{"count":14,"href":"http:\/\/www.inverter.com.tr\/index.php?rest_route=\/wp\/v2\/pages\/254\/revisions"}],"predecessor-version":[{"id":1960,"href":"http:\/\/www.inverter.com.tr\/index.php?rest_route=\/wp\/v2\/pages\/254\/revisions\/1960"}],"wp:attachment":[{"href":"http:\/\/www.inverter.com.tr\/index.php?rest_route=%2Fwp%2Fv2%2Fmedia&parent=254"}],"curies":[{"name":"wp","href":"https:\/\/api.w.org\/{rel}","templated":true}]}}