{"id":225,"date":"2017-05-01T15:28:44","date_gmt":"2017-05-01T15:28:44","guid":{"rendered":"https:\/\/demo.brothersthemes.com\/comrepair\/?page_id=225"},"modified":"2021-07-24T18:13:52","modified_gmt":"2021-07-24T15:13:52","slug":"home-2","status":"publish","type":"page","link":"http:\/\/www.inverter.com.tr\/?page_id=225","title":{"rendered":"On-Grid \u0130nvert\u00f6r Tamiri"},"content":{"rendered":"<p>[vc_row][vc_column][rev_slider_vc alias=&#8221;home-slider-2&#8243;][\/vc_column][\/vc_row][vc_section css=&#8221;.vc_custom_1493652663971{padding-bottom: 40px !important;background-image: url(https:\/\/www.inverter.com.tr\/wp-content\/uploads\/2017\/05\/bg-02-11.jpg?id=229) !important;}&#8221;][vc_row css_animation=&#8221;none&#8221;][vc_column][comrepair_section_heading decoration=&#8221;decor-2&#8243;]<\/p>\n<h3 class=\"text-uppercase\" style=\"text-align: center;\">on-grid Servislerimiz<\/h3>\n<p style=\"text-align: center;\"><em>Binlerce memnun m\u00fc\u015fteri p\u00f6rtf\u00f6y\u00fcm\u00fcz<\/em><\/p>\n<p>[\/comrepair_section_heading][comrepair_services_carousel posts_per_page=&#8221;All&#8221; more_link_text=&#8221;Learn More&#8221;][vc_column_text]<\/p>\n<p style=\"text-align: center;\"><a class=\"btn btn-primary btn-rounded\" href=\"#\">T\u00fcm Servislerimizi G\u00f6r\u00fcn<\/a><\/p>\n<p>[\/vc_column_text][\/vc_column][\/vc_row][\/vc_section][vc_section css=&#8221;.vc_custom_1493628860262{padding-top: 0px !important;padding-bottom: 0px !important;background-color: #f5f5f5 !important;}&#8221;][vc_row css_animation=&#8221;none&#8221;][vc_column][comrepair_text_image image_id=&#8221;2086&#8243;][vc_empty_space height=&#8221;55&#8243; el_class=&#8221;hidden-xs hidden-sm&#8221;][comrepair_section_heading decoration=&#8221;decor-1&#8243; css=&#8221;.vc_custom_1624562521129{padding-top: 0px !important;}&#8221;]<\/p>\n<h3 class=\"text-uppercase\" style=\"text-align: center;\">on-grid invert\u00f6r servisimiz<\/h3>\n<p style=\"text-align: center;\"><em>Sundu\u011fumz hizmetler ve fark\u0131m\u0131z<\/em><\/p>\n<p>[\/comrepair_section_heading][vc_column_text]<\/p>\n<h3 class=\"title\"><span class=\"text-primary\">1.<\/span> On-Grid \u0130nvert\u00f6r Tamirinde Teknolojimiz<\/h3>\n<p>\u015eebeke Ba\u011flant\u0131l\u0131 On-Grid \u0130nvert\u00f6r tamiri, ar\u0131za \u00e7\u00f6z\u00fcmleme, hasarl\u0131 par\u00e7an\u0131n kart\u0131n de\u011fi\u015fimi gibi standart uygulamalar\u0131n haricinde. Yaz\u0131l\u0131m,kalibrasyon, verim testi,\u0131s\u0131l kararl\u0131l\u0131k \u00f6l\u00e7\u00fcm\u00fc gibi \u00fcst d\u00fczey labaratuvar i\u015flemlerinden ge\u00e7irdi\u011fimiz i\u00e7in. Servisimizden \u00e7\u0131kan \u00fcr\u00fcn yeni bir on-grid invert\u00f6rden farks\u0131zd\u0131r[\/vc_column_text][vc_column_text]<\/p>\n<h3 class=\"title\"><span class=\"text-primary\">2.<\/span> Tecr\u00fcbeye G\u00fcvenin&#8230;<\/h3>\n<p>\u015eebeke ba\u011flant\u0131l\u0131 On-Grid String invert\u00f6rlerin ar\u0131za anlizi, \u00e7\u00f6z\u00fcmleme ve test a\u015famalar\u0131n\u0131n ba\u015far\u0131s\u0131\u00a0 tamamiyle tecr\u00fcbeye dayal\u0131 uzman kadrolar\u0131n alt\u0131ndan kalkaca\u011f\u0131 ciddi bir m\u00fchendislik alan\u0131d\u0131r.[\/vc_column_text][vc_column_text]<\/p>\n<h3 class=\"title\"><span class=\"text-primary\">3.<\/span> On-Grid \u0130nvert\u00f6r tamirinde kalitemizin kayna\u011f\u0131<\/h3>\n<p>\u015eebeke ba\u011flant\u0131l\u0131 ar\u0131zal\u0131 on-grid invert\u00f6rlerin tamirinde kalitemizi; uzman kadro, uluslararas\u0131 standartlara g\u00f6re \u015firket i\u015f i\u015fleyi\u015fi, yeterli labaratuvar techizat\u0131,tecr\u00fcbe, elektronik \u00fcr\u00fcn sto\u011funa bor\u00e7luyuz<\/p>\n<p>[\/vc_column_text][vc_column_text]<\/p>\n<h3 class=\"title\"><span class=\"text-primary\">4.<\/span> Tamirde Garanti ve Teminat<\/h3>\n<p>Atakale Elektroni\u011fe gelen t\u00fcm ar\u0131zal\u0131 invet\u00f6rler g\u00f6z, \u00e7al\u0131\u015fma,labaratuvar \u00f6l\u00e7\u00fcm, kar\u015f\u0131la\u015ft\u0131rma testine tabii tutulur ve ar\u0131za raporu olu\u015fturulur. Bu a\u015famalar\u0131n tamam\u0131nda \u00fcr\u00fcn \u00fczerinde olu\u015facak t\u00fcm ilave hasarlar teminat ve garanti alt\u0131ndad\u0131r. Atakale bu a\u015fmada olu\u015facak t\u00fcm ilave hasarlar\u0131 kar\u015f\u0131lmay\u0131 taahh\u00fct prensibine sahiptir.[\/vc_column_text][vc_column_text]<\/p>\n<h3 class=\"title\"><span class=\"text-primary\">5.<\/span> Tamir \u00fccretleri, m\u00fc\u015fteri ili\u015fkileri ve teslimat<\/h3>\n<p>On-Grid invert\u00f6r\u00fcn\u00fcz tamir \u00fccretleri, cihaz\u0131n ekonomik \u00f6mr\u00fc, piyasa de\u011feri,T\u00fcrkiye \u015fartlar\u0131 g\u00f6z\u00f6n\u00fcne al\u0131narak belirlenir. \u00dccretin fahi\u015f olmamas\u0131 ve yap\u0131lan tamirin katma de\u011ferin alt\u0131nda kalmas\u0131 \u00f6ncelikli teklifimizdir.[\/vc_column_text][\/comrepair_text_image][\/vc_column][\/vc_row][\/vc_section][vc_section css=&#8221;.vc_custom_1493628860262{padding-top: 0px !important;padding-bottom: 0px !important;background-color: #f5f5f5 !important;}&#8221;][\/vc_section][vc_section][vc_row css_animation=&#8221;none&#8221;][vc_column][comrepair_section_heading decoration=&#8221;decor-2&#8243;]<\/p>\n<h3 class=\"text-uppercase\" style=\"text-align: center;\">M\u00dc\u015eTER\u0130LER\u0130M\u0130Z\u0130N HAKKIMIZDAK\u0130 YORUMLARI<\/h3>\n<p style=\"text-align: center;\"><em>Binlerce memnun m\u00fc\u015fterimizin yorumlar\u0131n\u0131z\u0131 bilgilerinize sunar\u0131z<\/em><\/p>\n<p>[\/comrepair_section_heading][comrepair_testimonials_carousel posts_per_page=&#8221;All&#8221;][\/vc_column][\/vc_row][\/vc_section][vc_section css=&#8221;.vc_custom_1493629278210{background-color: #f5f5f5 !important;}&#8221;][vc_row css_animation=&#8221;none&#8221;][vc_column][comrepair_section_heading decoration=&#8221;decor-1&#8243;]<\/p>\n<h3 class=\"text-uppercase\" style=\"text-align: center;\">G\u00dcVEN \u00dcRETT\u0130K<\/h3>\n<p style=\"text-align: center;\"><em>25 senedir bir yak\u0131n\u0131n\u0131z gibi \u00e7al\u0131\u015ft\u0131k<\/em><\/p>\n<p>[\/comrepair_section_heading][comrepair_logo_box image_ids=&#8221;233,234,235,236,237&#8243;][\/vc_column][\/vc_row][\/vc_section][vc_section][vc_row css_animation=&#8221;none&#8221;][vc_column width=&#8221;1\/6&#8243; offset=&#8221;vc_hidden-sm vc_hidden-xs&#8221;][\/vc_column][vc_column offset=&#8221;vc_col-md-8&#8243;][comrepair_section_heading decoration=&#8221;decor-1&#8243;]<\/p>\n<h3 class=\"text-uppercase\" style=\"text-align: center;\">firma politikam\u0131z<\/h3>\n<p style=\"text-align: center;\"><em>Solar Enerji Elektronik sistemleri firmam\u0131z\u0131n ana uzmanl\u0131k konusudur. G\u00fcne\u015f enerjisi sistemlerinin en \u00f6nemli par\u00e7alar\u0131ndan invert\u00f6r,\u015farj cihaz\u0131,enerji storage y\u00f6netim kartlar\u0131, g\u00fcne\u015f panelinde meydana gelen ar\u0131zalar gidermek \u00fczere \u015firketimizi merkezlendirdik.\u00a0<\/em><\/p>\n<p>\u00c7izdi\u011fimiz bu g\u00fcne\u015f enerjisi dairesi ba\u015faram\u0131z\u0131n,ilkeli ve derinlemesine uzmanl\u0131\u011f\u0131m\u0131z\u0131n temelini olu\u015fturmu\u015ftur. Kart tamiri, di\u011fer bir deyi\u015fle her elektronik kart\u0131 tamir etmek prensipte komponent bazl\u0131 ar\u0131za tespitinden ibarettir.Biz ise yegane i\u015f olarak \u0130nvert\u00f6r tamirini se\u00e7tik. Ba\u015far\u0131m\u0131z\u0131n ana sebebi\u00a0 uzun soluklu ve tek bir i\u015f \u00fczerine \u00e7al\u0131\u015f\u0131yor olmam\u0131zd\u0131r ve ayn\u0131 zamanda derinlik kazanarak b\u00fcy\u00fcmek olmu\u015ftur. T\u00fcrkiyede ve D\u00fcnyada h\u0131zla b\u00fcy\u00fcyen Fotovoltaik Enerji ve sistemleri pazar\u0131 ,sadece ticari merakla de\u011fil tutukuyla ba\u011fl\u0131 oldu\u011fumuz bir alan oldu\u011fu i\u00e7in bu ekt\u00f6rde faaliyet g\u00f6steriyoruz.\u00a0 Atakale ayn\u0131 zamanda 2013den beri yenileneiblir enerji sekt\u00f6r\u00fcnde proje, ithalat , \u00fcretim ve \u00fcr\u00fcn tedariki konusunda sekt\u00f6r\u00fcn ciddi akt\u00f6rlerinden biridir. Sekt\u00f6rle olan yak\u0131n ba\u011flant\u0131s\u0131 , kart tamirindede lokomotif etkisi yapm\u0131\u015ft\u0131r.<\/p>\n<p>Firmam\u0131za ula\u015fan ve servis verdi\u011fimiz t\u00fcm m\u00fc\u015fterilerimiz bizim i\u00e7in kazan\u00e7 kap\u0131s\u0131 de\u011fil, hizmete\u00a0 bor\u00e7lu oldu\u011fumuz , varl\u0131k sebebimizdir. \u0130\u015fte bu sebeple kazan\u00e7 odakl\u0131 hi\u00e7bir i\u015fe bakmama politikam\u0131z\u0131 geldi\u011finizde hemen g\u00f6receksiniz. Referanslar\u0131yla b\u00fcy\u00fcyen , m\u00fc\u015fteri memnuniyetiyle motive olan, tecr\u00fcbesiyle hizmet veren firmam\u0131z\u0131n temelleri 1987 y\u0131l\u0131nda at\u0131lm\u0131\u015ft\u0131r.\u00a0 \u015eirketimizin kurucusu bir elektronik a\u015f\u0131\u011f\u0131 ,devre tasar\u0131mc\u0131 , profesyonel elektronik kart tamircisi, ayn\u0131 zamanda elektronik m\u00fchendisidir. 1987 y\u0131l\u0131ndan beri yakinen tan\u0131k oldu\u011fumuz elektronik sekt\u00f6r\u00fcndeki zincir geli\u015fmeler \u015firketimizin tamir esnas\u0131nda kulland\u0131\u011f\u0131 bilgi da\u011farc\u0131\u011f\u0131d\u0131r.<\/p>\n<p>Firmam\u0131z OST\u0130m yak\u0131n\u0131nda 500\u00b2 alanda m\u00fcstakil kendi binas\u0131nda gelen m\u00fc\u015fterilerimize konforlu bir servis hizmeti sa\u011flamaktad\u0131r. \u015eirketimiz tamir esnas\u0131nda y\u00fcksek teknoloji ve uzman kadroya sahip olmakla birlikte, m\u00fc\u015fteri ili\u015fkilerinde eski ve samimi bire-bir diyalogdan ve dost kazanma anlay\u0131\u015f\u0131yla i\u015flerini y\u00fcr\u00fctmektedir.[\/comrepair_section_heading][vc_column_text]<\/p>\n<p class=\"lead\" style=\"text-align: center;\">Atakale Elektronik Ostimdeki binas\u0131nda, hizmet seviyesini geli\u015ftirmek amac\u0131yla, s\u00fcrekli AR-GE anlay\u0131\u015f\u0131yla hizmetlerine devam etmeye kararl\u0131d\u0131r.<\/p>\n<p>[\/vc_column_text][\/vc_column][vc_column width=&#8221;1\/6&#8243; offset=&#8221;vc_hidden-sm vc_hidden-xs&#8221;][\/vc_column][\/vc_row][vc_row gap=&#8221;30&#8243; equal_height=&#8221;yes&#8221; css_animation=&#8221;none&#8221;][vc_column width=&#8221;1\/2&#8243; css=&#8221;.vc_custom_1493619655295{background-color: #ffffff !important;}&#8221;][comrepair_feature_box style=&#8221;style-2&#8243; icon_font=&#8221;fontawesome&#8221; icon_fontawesome=&#8221;&#8221;]<\/p>\n<h3 class=\"title\" style=\"text-align: center;\">S\u00fcrekli E\u011ftim<\/h3>\n<p style=\"text-align: center;\">Firmam\u0131z teknik kadrosu, d\u00fczenli e\u011fitimlere tabii tutulur. Ve s\u00fcrekli sertifikasyon \u00e7al\u0131\u015fmas\u0131 yap\u0131l\u0131r. Firmam\u0131zda tamir yapmaya yetkin olmayan hi\u00e7bir personel \u00e7al\u0131\u015ft\u0131r\u0131lmaz. E\u011fitimsiz ve sekt\u00f6rle ilgisi olmayan \u00e7al\u0131\u015fanlar yoktur<\/p>\n<p style=\"text-align: center;\"><a class=\"btn btn-secondary\" style=\"margin-top: 25px;\" href=\"#\">Devam\u0131n\u0131 Oku&#8230;<\/a><\/p>\n<p>[\/comrepair_feature_box][\/vc_column][vc_column width=&#8221;1\/2&#8243; css=&#8221;.vc_custom_1493619662079{background-color: #ffffff !important;background-position: center !important;background-repeat: no-repeat !important;background-size: cover !important;}&#8221;][comrepair_feature_box style=&#8221;style-2&#8243; icon_font=&#8221;fontawesome&#8221; icon_fontawesome=&#8221;&#8221;]<\/p>\n<h3 class=\"title\" style=\"text-align: center;\">Uluslararas\u0131 Standartlar<\/h3>\n<p style=\"text-align: center;\">Atakale Elekronik ulusal ve uluslararas\u0131 standartlar\u0131 firmam\u0131zda uygulamaktad\u0131r. ISO,OHSAS,TSE ,HYB,Marka tescili hersene yenilenir ve, en y\u00fcksek standartlar\u0131 uygular<\/p>\n<p style=\"text-align: center;\"><a class=\"btn btn-secondary\" style=\"margin-top: 25px;\" href=\"#\">Devam\u0131n\u0131 Oku&#8230;<\/a><\/p>\n<p>[\/comrepair_feature_box][\/vc_column][\/vc_row][\/vc_section][vc_section css=&#8221;.vc_custom_1494004282665{background: #f5f5f6 url(https:\/\/www.inverter.com.tr\/wp-content\/uploads\/2017\/05\/board-463968_1920-bg-11.jpg?id=239) !important;background-position: 0 0 !important;background-repeat: no-repeat !important;}&#8221;][vc_row css_animation=&#8221;none&#8221;][vc_column][comrepair_section_heading decoration=&#8221;decor-1&#8243;]<\/p>\n<h3 class=\"text-uppercase\" style=\"text-align: center;\">B\u0130LG\u0130LEND\u0130RME SAYFALARIMIZ BLOG<\/h3>\n<p class=\"font-italic\" style=\"text-align: center;\"><em>Atakale Elektronikj On-Grid invert\u00f6r tamiri, \u015femalar\u0131, teknik bilgileri ve ar\u0131za \u00e7\u00f6z\u00fcmlerini internet sayfalar\u0131nda ,bloglar\u0131nda, m\u00fc\u015fterileriyle payla\u015f\u0131r. Ve t\u00fcm di\u011fer amat\u00f6r ,hobi \u00e7al\u0131\u015fmalar\u0131 yapan g\u00f6n\u00fcll\u00fc elektronik\u00e7ilere bu konuda yol g\u00f6sterir.<\/em><\/p>\n<p style=\"text-align: center;\">Sayfalar\u0131m\u0131z\u0131 okuduktan sonra payala\u015fabilir ve bir ba\u015fkas\u0131na tavsiye edebilirsiniz. (T\u00fc m bilgiler orijinal firmam\u0131z aittir. Yay\u0131n haklar\u0131 Atakaleye aittir.)<\/p>\n<p>[\/comrepair_section_heading][comrepair_posts_feed][\/vc_column][\/vc_row][\/vc_section][vc_row content_placement=&#8221;middle&#8221; css_animation=&#8221;none&#8221; el_class=&#8221;bg-secondary&#8221; css=&#8221;.vc_custom_1493681508362{padding-top: 30px !important;}&#8221;][vc_column offset=&#8221;vc_col-md-8&#8243;][comrepair_cta button_text=&#8221;Tamir Sipari\u015fi Verebilirsiniz&#8221;]<\/p>\n<h2>\u0130nvert\u00f6r Bozukmu? \u00c7al\u0131\u015fm\u0131yormu?<\/h2>\n<p>En k\u0131sa s\u00fcrede \u00e7al\u0131\u015fmas\u0131 bize ait&#8230;&#8230;[\/comrepair_cta][\/vc_column][vc_column width=&#8221;1\/3&#8243; offset=&#8221;vc_hidden-sm vc_hidden-xs&#8221;][vc_single_image image=&#8221;153&#8243; img_size=&#8221;full&#8221;][\/vc_column][\/vc_row]<\/p>\n","protected":false},"excerpt":{"rendered":"<p>[vc_row][vc_column][rev_slider_vc alias=&#8221;home-slider-2&#8243;][\/vc_column][\/vc_row][vc_section css=&#8221;.vc_custom_1493652663971{padding-bottom: 40px !important;background-image: url(https:\/\/www.inverter.com.tr\/wp-content\/uploads\/2017\/05\/bg-02-11.jpg?id=229) !important;}&#8221;][vc_row css_animation=&#8221;none&#8221;][vc_column][comrepair_section_heading decoration=&#8221;decor-2&#8243;] on-grid Servislerimiz Binlerce memnun m\u00fc\u015fteri p\u00f6rtf\u00f6y\u00fcm\u00fcz [\/comrepair_section_heading][comrepair_services_carousel posts_per_page=&#8221;All&#8221; more_link_text=&#8221;Learn More&#8221;][vc_column_text] T\u00fcm Servislerimizi G\u00f6r\u00fcn [\/vc_column_text][\/vc_column][\/vc_row][\/vc_section][vc_section css=&#8221;.vc_custom_1493628860262{padding-top: 0px !important;padding-bottom: 0px !important;background-color: #f5f5f5 !important;}&#8221;][vc_row css_animation=&#8221;none&#8221;][vc_column][comrepair_text_image image_id=&#8221;2086&#8243;][vc_empty_space height=&#8221;55&#8243; el_class=&#8221;hidden-xs hidden-sm&#8221;][comrepair_section_heading decoration=&#8221;decor-1&#8243; css=&#8221;.vc_custom_1624562521129{padding-top: 0px !important;}&#8221;] on-grid invert\u00f6r servisimiz Sundu\u011fumz hizmetler ve fark\u0131m\u0131z [\/comrepair_section_heading][vc_column_text] 1. On-Grid \u0130nvert\u00f6r Tamirinde Teknolojimiz \u015eebeke Ba\u011flant\u0131l\u0131 On-Grid [&hellip;]<\/p>\n","protected":false},"author":1,"featured_media":0,"parent":0,"menu_order":0,"comment_status":"closed","ping_status":"closed","template":"","meta":{"_regular_price":[],"currency_symbol":[],"_monsterinsights_skip_tracking":false,"_monsterinsights_sitenote_active":false,"_monsterinsights_sitenote_note":"","_monsterinsights_sitenote_category":0,"spay_email":"","footnotes":""},"class_list":["post-225","page","type-page","status-publish","hentry"],"post_slider_layout_featured_media_urls":{"thumbnail":"","post_slider_layout_landscape_large":"","post_slider_layout_portrait_large":"","post_slider_layout_square_large":"","post_slider_layout_landscape":"","post_slider_layout_portrait":"","post_slider_layout_square":"","full":""},"jetpack-related-posts":[{"id":351,"url":"http:\/\/www.inverter.com.tr\/?page_id=351","url_meta":{"origin":225,"position":0},"title":"Off-Grid \u0130nverter Tamiri","date":"07\/05\/2017","format":false,"excerpt":"[vc_row full_width=\"stretch_row_content_no_spaces\"][vc_column css=\".vc_custom_1507831981067{padding-right: 0px !important;padding-left: 0px !important;}\"][rev_slider_vc alias=\"home-slider-4\" el_class=\"mb-0\"][\/vc_column][\/vc_row][vc_section css=\".vc_custom_1507832472691{padding-top: 40px !important;padding-bottom: 25px !important;background-color: #f5f5f5 !important;}\"][vc_row][vc_column width=\"1\/3\" css=\".vc_custom_1507832317205{margin-bottom: 30px !important;}\"][vc_column_text css=\".vc_custom_1624390490615{margin-bottom: 0px !important;}\"] Ak\u0131ll\u0131 \u0130nvert\u00f6r Tamiri Ak\u0131ll\u0131 \u0130nvert\u00f6rler kullan\u0131l\u0131rken olu\u015facak t\u00fcm ar\u0131zalar\u0131, yakla\u015f\u0131k tamir \u00fccretlerini, \u00e7\u00f6z\u00fcmleri, uygulaman\u0131za g\u00f6re \u00f6zel parametre giri\u015fleri ile ilgili t\u00fcm arad\u0131klar\u0131n\u0131z\u0131 sitemizde[\/vc_column_text][\/vc_column][vc_column width=\"1\/3\" css=\".vc_custom_1507832326502{margin-bottom: 30px !important;}\"][vc_column_text\u2026","rel":"","context":"Benzer yaz\u0131","img":{"alt_text":"","src":"","width":0,"height":0},"classes":[]},{"id":254,"url":"http:\/\/www.inverter.com.tr\/?page_id=254","url_meta":{"origin":225,"position":1},"title":"Yapt\u0131\u011f\u0131m\u0131z \u0130\u015fler","date":"05\/05\/2017","format":false,"excerpt":"[vc_row][vc_column][rev_slider_vc alias=\"home-slider-3\"][\/vc_column][\/vc_row][vc_section css=\".vc_custom_1493915369115{padding-bottom: 40px !important;}\"][vc_row][vc_column offset=\"vc_col-md-offset-2 vc_col-md-8\"][comrepair_section_heading decoration=\"decor-1\"] YAPTI\u011eIMIZ \u0130\u015eLER Atakale Elektronik Solar \u0130nvert\u00f6r, \u015earj Cihaz\u0131 ,Solar Motor S\u00fcr\u00fcc\u00fc \u00fcr\u00fcnlerinin tamirini yapt\u0131\u011f\u0131 gibi, Komponent, \u0130nvert\u00f6r Kart\u0131,Sarf \u00fcr\u00fcnleri ve yedek par\u00e7a sat\u0131\u015f\u0131n\u0131da yapmkatad\u0131r. Ayd\u0131nlatma, flexible, \u00f6zel \u015fekilli g\u00fcne\u015f paneli imalat\u0131, LifePo4 BMS kart tamiri ve BMS imalat\u0131 konular\u0131nda da faaliyet g\u00f6stermektedir.\u2026","rel":"","context":"Benzer yaz\u0131","img":{"alt_text":"","src":"","width":0,"height":0},"classes":[]},{"id":34,"url":"http:\/\/www.inverter.com.tr\/","url_meta":{"origin":225,"position":2},"title":"Atakale Kurumsal","date":"28\/04\/2017","format":false,"excerpt":"[vc_row full_width=\"stretch_row\"][vc_column width=\"5\/6\"][rev_slider_vc alias=\"home-slider-3\"][\/vc_column][vc_column width=\"1\/6\"][\/vc_column][\/vc_row][vc_section css=\".vc_custom_1493375775698{background-image: url(https:\/\/www.inverter.com.tr\/wp-content\/uploads\/2017\/04\/pexels-photo-320517-bg.jpg?id=106) !important;}\"][vc_row][vc_column][comrepair_section_heading decoration=\"decor-1\"] invert\u00f6r Servisi tamiri Binlerce Memnun M\u00fc\u015fteri [\/comrepair_section_heading][\/vc_column][\/vc_row][vc_row][vc_column][comrepair_services_carousel posts_per_page=\"6\" autoplay_timeout=\"0\" more_link_text=\"Devam\u0131n\u0131 Oku\"][\/vc_column][\/vc_row][\/vc_section][vc_section css=\".vc_custom_1491950498217{padding-bottom: 0px !important;}\"][vc_row][vc_column][comrepair_section_heading decoration=\"decor-1\"] HAKKIMIZDA Firmam\u0131z her zaman AR-GE ye \u00f6nem vermi\u015f, \u015firket i\u00e7i e\u011fitimlerinde \u00f6rnek olmu\u015ftur. Uluslararas\u0131 geli\u015fmeleri ve en yeni \u00fcr\u00fcnleri \u00dclkemizde uygulama konusunda hep ilklere imza atm\u0131\u015ft\u0131r.\u2026","rel":"","context":"Benzer yaz\u0131","img":{"alt_text":"","src":"","width":0,"height":0},"classes":[]},{"id":174,"url":"http:\/\/www.inverter.com.tr\/?page_id=174","url_meta":{"origin":225,"position":3},"title":"Servislerimiz","date":"29\/04\/2017","format":false,"excerpt":"[vc_section css=\".vc_custom_1493498841217{padding-top: 60px !important;}\"][vc_row][vc_column][comrepair_services_grid style=\"style-2\" posts_per_page=\"All\" show_category_filter=\"yes\" more_link_text=\"Devam\u0131n\u0131 Oku\"][\/vc_column][\/vc_row][\/vc_section]","rel":"","context":"Benzer yaz\u0131","img":{"alt_text":"","src":"","width":0,"height":0},"classes":[]},{"id":1688,"url":"http:\/\/www.inverter.com.tr\/?page_id=1688","url_meta":{"origin":225,"position":4},"title":"ATAKALE ELEKTRON\u0130K K\u0130MD\u0130R","date":"28\/04\/2017","format":false,"excerpt":"[vc_row css=\".vc_custom_1494332326937{padding-top: 100px !important;padding-bottom: 100px !important;background-image: url(https:\/\/www.inverter.com.tr\/wp-content\/uploads\/2017\/04\/board-463968_1920-2.jpg?id=478) !important;background-position: center !important;background-repeat: no-repeat !important;background-size: cover !important;}\"][vc_column][vc_column_text] Bizi di\u011ferlerinden ay\u0131ran 3 Fark\u0131m\u0131z [\/vc_column_text][\/vc_column][\/vc_row][vc_section][vc_row][vc_column offset=\"vc_col-md-offset-2 vc_col-md-8\"][comrepair_section_heading] 1. 25 Senelik Tecr\u00fcbemiz VAR Inverter Markal\u0131 firmam\u0131z 1997 y\u0131l\u0131nda Ankarada 3 gen\u00e7 Elektronik M\u00fchendisi taraf\u0131ndan kuruldu. 1997 Y\u0131l\u0131nda Ankara da , 3 Gen\u00e7 Elektrik-Elektornik M\u00fchendisinin ortak giri\u015fimiyle\u2026","rel":"","context":"Benzer yaz\u0131","img":{"alt_text":"","src":"","width":0,"height":0},"classes":[]},{"id":1728,"url":"http:\/\/www.inverter.com.tr\/?page_id=1728","url_meta":{"origin":225,"position":5},"title":"\u0130leti\u015fim","date":"05\/09\/2018","format":false,"excerpt":"[vc_row full_width=\"stretch_row_content\" css=\".vc_custom_1506708727363{margin-top: 60px !important;}\"][vc_column width=\"1\/3\" offset=\"vc_col-md-offset-1 vc_col-md-3\"][vc_column_text] Ankara OST\u0130M Labaratuvar\u0131 Adres \u00c7aml\u0131ca\u00a0 M. 147. Cad 4\/I Yenimahalle Ankara,06200 Phones +90 312 425-22-00 +90 312 425-21-22 Email bilgi@inverter.com.tr[\/vc_column_text][\/vc_column][vc_column width=\"2\/3\"][vc_gmaps link=\"#E-8_JTIwJTNDaWZyYW1lJTIwc3JjJTNEJTIyaHR0cHMlM0ElMkYlMkZ3d3cuZ29vZ2xlLmNvbSUyRm1hcHMlMkZlbWJlZCUzRnBiJTNEJTIxMW0xOCUyMTFtMTIlMjExbTMlMjExZDMwNTguMjM2NzA5MTQ3MzA0MyUyMTJkMzIuNzcyMjg5NjU2MjY5MjglMjEzZDM5Ljk1ODQ2MDExMjE5OTkxNiUyMTJtMyUyMTFmMCUyMTJmMCUyMTNmMCUyMTNtMiUyMTFpMTAyNCUyMTJpNzY4JTIxNGYxMy4xJTIxM20zJTIxMW0yJTIxMXMweDE0ZDM0OTBmYzg4NDM0Y2QlMjUzQTB4M2I1NzY4ZmVmMmU2NmE1YiUyMTJzJTI1QzMlMjU4N2FtbCUyNUM0JTI1QjFjYSUyNTJDJTI1MjAxNDcuJTI1MjBTayUyNTIwTm8lMjUzQTQlMjUyQyUyNTIwMDYyMDAlMjUyMFllbmltYWhhbGxlJTI1MkZBbmthcmElMjE1ZTAlMjEzbTIlMjExc2VuJTIxMnN0ciUyMTR2MTU5NjI4NDI4MTU1MCUyMTVtMiUyMTFzZW4lMjEyc3RyJTIyJTIwc3R5bGUlM0QlMjJib3JkZXIlM0EwJTNCJTIyJTIwYWxsb3dmdWxsc2NyZWVuJTNEJTIyJTIyJTIwYXJpYS1oaWRkZW4lM0QlMjJmYWxzZSUyMiUyMHRhYmluZGV4JTNEJTIyMCUyMiUyMHdpZHRoJTNEJTIyNjAwJTIyJTIwaGVpZ2h0JTNEJTIyNDUwJTIyJTIwZnJhbWVib3JkZXIlM0QlMjIwJTIyJTNFJTNDJTJGaWZyYW1lJTNF\" size=\"400\" css_animation=\"fadeIn\" css=\".vc_custom_1627127219541{margin-bottom: 0px !important;background-color: #f7f7f7 !important;}\" title=\"invert\u00f6r test merkezi\"][\/vc_column][\/vc_row][vc_row css=\".vc_custom_1536162275948{margin-top: 60px !important;background-color: #f5f5f5 !important;}\" el_id=\"contact-form-row\"][vc_column][comrepair_text_image image_id=\"206\"][vc_empty_space height=\"20\" el_class=\"hidden-xs hidden-sm\"][vc_empty_space\u2026","rel":"","context":"Benzer yaz\u0131","img":{"alt_text":"","src":"","width":0,"height":0},"classes":[]}],"_links":{"self":[{"href":"http:\/\/www.inverter.com.tr\/index.php?rest_route=\/wp\/v2\/pages\/225","targetHints":{"allow":["GET"]}}],"collection":[{"href":"http:\/\/www.inverter.com.tr\/index.php?rest_route=\/wp\/v2\/pages"}],"about":[{"href":"http:\/\/www.inverter.com.tr\/index.php?rest_route=\/wp\/v2\/types\/page"}],"author":[{"embeddable":true,"href":"http:\/\/www.inverter.com.tr\/index.php?rest_route=\/wp\/v2\/users\/1"}],"replies":[{"embeddable":true,"href":"http:\/\/www.inverter.com.tr\/index.php?rest_route=%2Fwp%2Fv2%2Fcomments&post=225"}],"version-history":[{"count":27,"href":"http:\/\/www.inverter.com.tr\/index.php?rest_route=\/wp\/v2\/pages\/225\/revisions"}],"predecessor-version":[{"id":2089,"href":"http:\/\/www.inverter.com.tr\/index.php?rest_route=\/wp\/v2\/pages\/225\/revisions\/2089"}],"wp:attachment":[{"href":"http:\/\/www.inverter.com.tr\/index.php?rest_route=%2Fwp%2Fv2%2Fmedia&parent=225"}],"curies":[{"name":"wp","href":"https:\/\/api.w.org\/{rel}","templated":true}]}}